{"id":390,"date":"2024-08-23T13:26:39","date_gmt":"2024-08-23T13:26:39","guid":{"rendered":"http:\/\/xima.es\/?page_id=390"},"modified":"2025-06-12T11:08:33","modified_gmt":"2025-06-12T11:08:33","slug":"somos","status":"publish","type":"page","link":"http:\/\/xima.es\/index.php\/somos\/","title":{"rendered":"Somos"},"content":{"rendered":"<div class=\"wpb-content-wrapper\">[vc_section full_width=\u00bbstretch_row\u00bb css=\u00bb.vc_custom_1725441478733{background-color: #ffffff !important;border-color: #ffffff !important;}\u00bb][vc_row full_width=\u00bbstretch_row\u00bb content_placement=\u00bbmiddle\u00bb remove_bottom_col_margin=\u00bbtrue\u00bb wpex_fixed_bg=\u00bbfixed\u00bb wpex_bg_overlay=\u00bbdark\u00bb css=\u00bb.vc_custom_1724420416640{padding-top: 30px !important;padding-bottom: 30px !important;background-image: url(http:\/\/xima.es\/wp-content\/uploads\/2024\/08\/somos-scaled.jpg?id=406) !important;background-position: center !important;background-repeat: no-repeat !important;background-size: cover !important;}\u00bb wpex_bg_overlay_opacity=\u00bb60%\u00bb min_height=\u00bb300px\u00bb][vc_column]<style>.vcex-heading.vcex_69f448175a77d{color:#ffffff;font-size:50px;line-height:1.2;}@media (max-width:959px){.vcex-heading.vcex_69f448175a77d{font-size:40px;}}@media (max-width:479px){.vcex-heading.vcex_69f448175a77d{font-size:35px;}}<\/style><div class=\"vcex-heading vcex-heading-plain vcex-module wpex-heading wpex-text-2xl wpex-mb-15 wpex-text-center vcex_69f448175a77d\"><span class=\"vcex-heading-inner wpex-inline-block\">PL\u00c1STICOS XIMA<\/span><\/div>[vc_column_text css=\u00bb\u00bb text_align=\u00bbcenter\u00bb color=\u00bb#ffffff\u00bb font_size=\u00bb20px\u00bb]25 ANIVERSARIO 1999 &#8211; 2024[\/vc_column_text][\/vc_column][\/vc_row][vc_row content_placement=\u00bbmiddle\u00bb gap=\u00bb30&#8243; remove_bottom_col_margin=\u00bbtrue\u00bb center_row=\u00bbyes\u00bb local_scroll_id=\u00bboverview\u00bb css=\u00bb.vc_custom_1724420715659{margin-top: 50px !important;}\u00bb][vc_column width=\u00bb1\/2&#8243;]<div class=\"vcex-spacing wpex-w-100 wpex-clear\"><\/div><style>.vcex-heading.vcex_69f448175b325{width:600px;font-size:42px;}<\/style><div class=\"vcex-heading vcex-heading-plain vcex-module wpex-heading wpex-text-2xl wpex-mb-25 wpex-text-center wpex-max-w-100 wpex-mx-auto vcex_69f448175b325\"><span class=\"vcex-heading-inner wpex-inline-block\">Compromiso<\/span><\/div>[vc_column_text css=\u00bb\u00bb text_align=\u00bbcenter\u00bb font_size=\u00bb1.2em\u00bb width=\u00bb350px\u00bb]El servicio, la calidad, la tecnolog\u00eda y el trato cercano son las se\u00f1as de identidad de Pl\u00e1sticos Xima[\/vc_column_text]<div class=\"vcex-spacing wpex-w-100 wpex-clear\"><\/div>[\/vc_column][vc_column width=\u00bb1\/2&#8243;][vc_column_text css=\u00bb\u00bb text_align=\u00bbcenter\u00bb width=\u00bb700px\u00bb]\n<p style=\"text-align: left;\">Pl\u00e1sticos Xima fabrica piezas de pl\u00e1stico por inyecci\u00f3n en su planta de Peralta (Navarra) y\u00a0\u00a0est\u00e1 especializada en la inyecci\u00f3n de materiales t\u00e9cnicos. \u00a0Su actividad incluye la inyecci\u00f3n de una gran variedad de materiales.<\/p>\n<p style=\"text-align: left;\">Acompa\u00f1amos al cliente desde el inicio de su proyecto para dar la soluci\u00f3n t\u00e9cnica \u00f3ptima antes de la fabricaci\u00f3n de los moldes.<\/p>\n<p style=\"text-align: left;\">Pl\u00e1sticos Xima con una trayectoria propia superior a los 25 a\u00f1os de actividad, acumula, con el legado del fundador, una experiencia de m\u00e1s de 50 a\u00f1os en el sector del pl\u00e1stico.<\/p>\n<p style=\"text-align: left;\">[\/vc_column_text]<style>.vcex-bullets.vcex_69f448175b929 .vcex-bullets-icon{color:var(--wpex-accent);}<\/style><div class=\"vcex-module vcex-bullets custom-icon vcex_69f448175b929\">\n<ul>\n<li><div class=\"vcex-bullets-ci-wrap wpex-inline-flex\"><span class=\"vcex-bullets-icon-wrap vcex-icon-wrap wpex-mr-10\"><span class=\"vcex-bullets-icon vcex-icon ticon ticon-check\" aria-hidden=\"true\"><\/span><\/span><div class=\"vcex-content wpex-flex-grow\">\u00a0<strong>Moldes de nuestros clientes.<\/strong><\/div><\/div><\/li>\n<li><div class=\"vcex-bullets-ci-wrap wpex-inline-flex\"><span class=\"vcex-bullets-icon-wrap vcex-icon-wrap wpex-mr-10\"><span class=\"vcex-bullets-icon vcex-icon ticon ticon-check\" aria-hidden=\"true\"><\/span><\/span><div class=\"vcex-content wpex-flex-grow\"><span style=\"background-color: var(--wpex-surface-1)\">Moldes nuevos <strong>dise\u00f1ados por Pl\u00e1sticos Xima<\/strong> a petici\u00f3n del cliente y fabricados bajo el\u00a0<\/span><span style=\"background-color: var(--wpex-surface-1)\">asesoramiento de nuestros t\u00e9cnicos.<\/span><\/div><\/div><\/li>\n<\/ul>\n<\/div>[\/vc_column][\/vc_row][vc_row full_width=\u00bbstretch_row_content_no_spaces\u00bb content_placement=\u00bbmiddle\u00bb css=\u00bb.vc_custom_1745310165510{margin-top: 10px !important;background-color: #04283a !important;border-color: #04283a !important;}\u00bb][vc_column]<div class=\"vcex-spacing wpex-w-100 wpex-clear\" style=\"height:40px;\"><\/div><style>.vcex-heading.vcex_69f448175c084{width:600px;color:#ffffff;font-size:30px;}<\/style><div class=\"vcex-heading vcex-heading-plain vcex-module wpex-heading wpex-text-2xl wpex-mb-5 wpex-text-center wpex-max-w-100 wpex-mx-auto vcex_69f448175c084\"><span class=\"vcex-heading-inner wpex-inline-block\">EN CONTINUA INNOVACI\u00d3N<\/span><\/div>[vc_row_inner][vc_column_inner width=\u00bb1\/3&#8243;]<div class=\"vcex-module vcex-milestone wpex-text-4 vcex-ip-inline wpex-text-center\"><div class=\"vcex-milestone-inner wpex-inline-block\"><div class=\"vcex-milestone-desc\"><div class=\"vcex-milestone-number wpex-leading-none wpex-font-semibold\" style=\"color:#ffffff;\"><span class=\"vcex-milestone-before\"><span class=\"vcex-milestone-icon wpex-mr-15 wpex-inline-block\"><span aria-hidden=\"true\" class=\"entypo-icon entypo-icon-plus\"><\/span><\/span><\/span><span class=\"vcex-milestone-time vcex-countup\" data-options=\"{&quot;startVal&quot;:0,&quot;endVal&quot;:19,&quot;duration&quot;:2.5,&quot;decimals&quot;:0,&quot;separator&quot;:&quot;,&quot;,&quot;decimal&quot;:&quot;.&quot;,&quot;animateOnScroll&quot;:true}\">0<\/span><\/div><div class=\"vcex-milestone-caption wpex-mt-5\" style=\"color:#ffffff;font-size:17px;font-weight:400;\">M\u00e1quinas de inyecci\u00f3n de 7 a 700 toneladas<\/div><\/div><\/div><\/div>[\/vc_column_inner][vc_column_inner width=\u00bb1\/3&#8243;]<div class=\"vcex-module vcex-milestone wpex-text-4 vcex-ip-inline wpex-text-center\"><div class=\"vcex-milestone-inner wpex-inline-block\"><div class=\"vcex-milestone-desc\"><div class=\"vcex-milestone-number wpex-leading-none wpex-font-semibold\" style=\"color:#ffffff;\"><span class=\"vcex-milestone-before\"><span class=\"vcex-milestone-icon wpex-mr-15 wpex-inline-block\"><span aria-hidden=\"true\" class=\"entypo-icon entypo-icon-plus\"><\/span><\/span><\/span><span class=\"vcex-milestone-time vcex-countup\" data-options=\"{&quot;startVal&quot;:0,&quot;endVal&quot;:1850,&quot;duration&quot;:2.5,&quot;decimals&quot;:0,&quot;separator&quot;:&quot;,&quot;,&quot;decimal&quot;:&quot;.&quot;,&quot;animateOnScroll&quot;:true}\">0<\/span><\/div><div class=\"vcex-milestone-caption wpex-mt-5\" style=\"color:#ffffff;font-size:17px;font-weight:400;\">Moldes<\/div><\/div><\/div><\/div>[\/vc_column_inner][vc_column_inner width=\u00bb1\/3&#8243;]<div class=\"vcex-module vcex-milestone wpex-text-4 vcex-ip-inline wpex-text-center\"><div class=\"vcex-milestone-inner wpex-inline-block\"><div class=\"vcex-milestone-desc\"><div class=\"vcex-milestone-number wpex-leading-none wpex-font-semibold\" style=\"color:#ffffff;\"><span class=\"vcex-milestone-before\"><span class=\"vcex-milestone-icon wpex-mr-15 wpex-inline-block\"><span aria-hidden=\"true\" class=\"entypo-icon entypo-icon-plus\"><\/span><\/span><\/span><span class=\"vcex-milestone-time vcex-countup\" data-options=\"{&quot;startVal&quot;:0,&quot;endVal&quot;:232,&quot;duration&quot;:4.5,&quot;decimals&quot;:0,&quot;separator&quot;:&quot;,&quot;,&quot;decimal&quot;:&quot;.&quot;,&quot;animateOnScroll&quot;:true}\">0<\/span><\/div><div class=\"vcex-milestone-caption wpex-mt-5\" style=\"color:#ffffff;font-size:17px;font-weight:400;\">Toneladas de CO2 no emitidas<\/div><\/div><\/div><\/div>[\/vc_column_inner][\/vc_row_inner][\/vc_column][\/vc_row][\/vc_section][vc_row full_width=\u00bbstretch_row\u00bb content_placement=\u00bbmiddle\u00bb remove_bottom_col_margin=\u00bbtrue\u00bb wpex_fixed_bg=\u00bbfixed\u00bb wpex_bg_overlay=\u00bbdark\u00bb css=\u00bb.vc_custom_1745310250894{padding-top: 40px !important;padding-bottom: 40px !important;background-image: url(http:\/\/xima.es\/wp-content\/uploads\/2025\/02\/WhatsApp-Image-2025-01-29-at-10.12.45.jpg?id=792) !important;background-position: center !important;background-repeat: no-repeat !important;background-size: cover !important;}\u00bb wpex_bg_overlay_opacity=\u00bb40%\u00bb min_height=\u00bb300px\u00bb][vc_column][\/vc_column][\/vc_row][vc_row full_width=\u00bbstretch_row\u00bb content_placement=\u00bbmiddle\u00bb column_spacing=\u00bb10&#8243; css=\u00bb.vc_custom_1745310372982{margin-top: 40px !important;margin-bottom: 40px !important;background-color: #ffffff !important;border-color: #ffffff !important;}\u00bb local_scroll_id=\u00bbfeatures\u00bb full_width_margin=\u00bb20px\u00bb][vc_column css=\u00bb.vc_custom_1745310336058{border-top-width: 20px !important;border-bottom-width: 20px !important;padding-right: 8vw !important;padding-left: 8vw !important;}\u00bb]<style>.vcex-heading.vcex_69f448175d9fa{font-size:36px;}<\/style><div class=\"vcex-heading vcex-heading-plain vcex-module wpex-heading wpex-text-2xl wpex-mb-25 wpex-text-center vcex_69f448175d9fa\"><span class=\"vcex-heading-inner wpex-inline-block\">Trayectoria<\/span><\/div>[vc_column_text css=\u00bb\u00bb]\n<p style=\"text-align: center;\">Pl\u00e1sticos Xima es una empresa familiar. Fundada en 1999, en la actualidad son Sergio y Sandra Ordu\u00f1a, hijos del fundador, quienes dirigen el equipo humano y tecnol\u00f3gico. El servicio, la calidad, la tecnolog\u00eda y el trato cercano son los principios que rigen la empresa.<\/p>\n<p style=\"text-align: center;\">Pl\u00e1sticos Xima procede de una sociedad anterior.\u00a0 La experiencia que suma a su trayectoria propia gracias al legado en el sector del pl\u00e1stico de la empresa inicial, supera los 50 a\u00f1os.<\/p>\n[\/vc_column_text]<div class=\"vcex-spacing wpex-w-100 wpex-clear\" style=\"height:20px;\"><\/div><div class=\"theme-button-wrap textcenter wpex-clr\"><a href=\"http:\/\/xima.es\/index.php\/servicios_xima_platicos\/\" class=\"vcex-button theme-button align-center inline\" style=\"background:#04283a;\"><span class=\"vcex-button-inner theme-button-inner\">Servicios<\/span><\/a><\/div> [\/vc_column][\/vc_row][vc_row full_width=\u00bbstretch_row_content_no_spaces\u00bb column_spacing=\u00bb5&#8243; gap=\u00bb5&#8243; equal_height=\u00bbyes\u00bb remove_bottom_col_margin=\u00bbtrue\u00bb css=\u00bb.vc_custom_1749726482793{background-color: #f6f6f6 !important;}\u00bb][vc_column parallax=\u00bbcontent-moving\u00bb width=\u00bb1\/3&#8243; css=\u00bb.vc_custom_1749726494095{background-position: center !important;background-repeat: no-repeat !important;background-size: cover !important;}\u00bb offset=\u00bbvc_hidden-lg vc_hidden-md\u00bb]<div class=\"vcex-module vcex-image-banner wpex-flex wpex-flex-col wpex-w-100 wpex-justify-center wpex-relative wpex-overflow-hidden wpex-bg-gray-900 wpex-text-white wpex-hover-text-white wpex-text-center vcex-has-img-tag\"><img  src=\"http:\/\/xima.es\/wp-content\/uploads\/2024\/12\/IMG_4570-scaled.jpg\" class=\"vcex-ib-img wpex-block wpex-transition-all wpex-duration-500 wpex-block wpex-flex-grow wpex-h-100 wpex-w-100 wpex-object-cover\" alt=\"\"><div class=\"vcex-ib-overlay wpex-absolute wpex-inset-0 wpex-transition-all wpex-duration-500\"><div class=\"vcex-ib-overlay-bg wpex-absolute wpex-inset-0 wpex-bg-black wpex-opacity-30\"><\/div><\/div><div class=\"vcex-ib-content-wrap wpex-w-100 wpex-transition-all wpex-duration-500 wpex-absolute wpex-inset-0 wpex-flex wpex-items-center wpex-p-30\"><div class=\"vcex-ib-content wpex-flex-grow wpex-mx-auto\"><\/div><\/div><\/div>[\/vc_column][vc_column width=\u00bb1\/3&#8243; offset=\u00bbvc_hidden-lg vc_hidden-md\u00bb]<div class=\"vcex-module vcex-image-banner wpex-flex wpex-flex-col wpex-w-100 wpex-justify-center wpex-relative wpex-overflow-hidden wpex-bg-gray-900 wpex-text-white wpex-hover-text-white wpex-text-center vcex-has-img-tag\"><img  src=\"http:\/\/xima.es\/wp-content\/uploads\/2024\/08\/xima_p3-scaled.jpg\" class=\"vcex-ib-img wpex-block wpex-transition-all wpex-duration-500 wpex-block wpex-flex-grow wpex-h-100 wpex-w-100 wpex-object-cover\" alt=\"\"><div class=\"vcex-ib-overlay wpex-absolute wpex-inset-0 wpex-transition-all wpex-duration-500\"><div class=\"vcex-ib-overlay-bg wpex-absolute wpex-inset-0 wpex-bg-black wpex-opacity-30\"><\/div><\/div><div class=\"vcex-ib-content-wrap wpex-w-100 wpex-transition-all wpex-duration-500 wpex-absolute wpex-inset-0 wpex-flex wpex-items-center wpex-p-30\"><div class=\"vcex-ib-content wpex-flex-grow wpex-mx-auto\"><\/div><\/div><\/div>[\/vc_column][vc_column width=\u00bb1\/3&#8243; offset=\u00bbvc_hidden-lg vc_hidden-md\u00bb]<div class=\"vcex-module vcex-image-banner wpex-flex wpex-flex-col wpex-w-100 wpex-justify-center wpex-relative wpex-overflow-hidden wpex-bg-gray-900 wpex-text-white wpex-hover-text-white wpex-text-center vcex-has-img-tag\"><img  src=\"http:\/\/xima.es\/wp-content\/uploads\/2025\/03\/IMG_4610-2-scaled.jpg\" class=\"vcex-ib-img wpex-block wpex-transition-all wpex-duration-500 wpex-block wpex-flex-grow wpex-h-100 wpex-w-100 wpex-object-cover\" alt=\"\"><div class=\"vcex-ib-overlay wpex-absolute wpex-inset-0 wpex-transition-all wpex-duration-500\"><div class=\"vcex-ib-overlay-bg wpex-absolute wpex-inset-0 wpex-bg-black wpex-opacity-30\"><\/div><\/div><div class=\"vcex-ib-content-wrap wpex-w-100 wpex-transition-all wpex-duration-500 wpex-absolute wpex-inset-0 wpex-flex wpex-items-center wpex-p-30\"><div class=\"vcex-ib-content wpex-flex-grow wpex-mx-auto\"><\/div><\/div><\/div>[\/vc_column][\/vc_row][vc_row full_width=\u00bbstretch_row_content_no_spaces\u00bb equal_height=\u00bbyes\u00bb remove_bottom_col_margin=\u00bbtrue\u00bb css=\u00bb.vc_custom_1724251986196{background-color: #f6f6f6 !important;}\u00bb][vc_column parallax=\u00bbcontent-moving\u00bb width=\u00bb1\/3&#8243; css=\u00bb.vc_custom_1749726432752{background-position: center !important;background-repeat: no-repeat !important;background-size: cover !important;}\u00bb offset=\u00bbvc_hidden-sm vc_hidden-xs\u00bb]<div class=\"vcex-module vcex-image-banner wpex-flex wpex-flex-col wpex-w-100 wpex-justify-center wpex-relative wpex-overflow-hidden wpex-bg-gray-900 wpex-text-white wpex-hover-text-white wpex-text-center vcex-has-img-tag\"><img  src=\"http:\/\/xima.es\/wp-content\/uploads\/2024\/12\/IMG_4570-scaled.jpg\" class=\"vcex-ib-img wpex-block wpex-transition-all wpex-duration-500 wpex-block wpex-flex-grow wpex-h-100 wpex-w-100 wpex-object-cover\" alt=\"\"><div class=\"vcex-ib-overlay wpex-absolute wpex-inset-0 wpex-transition-all wpex-duration-500\"><div class=\"vcex-ib-overlay-bg wpex-absolute wpex-inset-0 wpex-bg-black wpex-opacity-30\"><\/div><\/div><div class=\"vcex-ib-content-wrap wpex-w-100 wpex-transition-all wpex-duration-500 wpex-absolute wpex-inset-0 wpex-flex wpex-items-center wpex-p-30\"><div class=\"vcex-ib-content wpex-flex-grow wpex-mx-auto\"><\/div><\/div><\/div>[\/vc_column][vc_column width=\u00bb1\/3&#8243; offset=\u00bbvc_hidden-sm vc_hidden-xs\u00bb]<div class=\"vcex-module vcex-image-banner wpex-flex wpex-flex-col wpex-w-100 wpex-justify-center wpex-relative wpex-overflow-hidden wpex-bg-gray-900 wpex-text-white wpex-hover-text-white wpex-text-center vcex-has-img-tag\"><img  src=\"http:\/\/xima.es\/wp-content\/uploads\/2024\/08\/xima_p3-scaled.jpg\" class=\"vcex-ib-img wpex-block wpex-transition-all wpex-duration-500 wpex-block wpex-flex-grow wpex-h-100 wpex-w-100 wpex-object-cover\" alt=\"\"><div class=\"vcex-ib-overlay wpex-absolute wpex-inset-0 wpex-transition-all wpex-duration-500\"><div class=\"vcex-ib-overlay-bg wpex-absolute wpex-inset-0 wpex-bg-black wpex-opacity-30\"><\/div><\/div><div class=\"vcex-ib-content-wrap wpex-w-100 wpex-transition-all wpex-duration-500 wpex-absolute wpex-inset-0 wpex-flex wpex-items-center wpex-p-30\"><div class=\"vcex-ib-content wpex-flex-grow wpex-mx-auto\"><\/div><\/div><\/div>[\/vc_column][vc_column width=\u00bb1\/3&#8243; offset=\u00bbvc_hidden-sm vc_hidden-xs\u00bb]<div class=\"vcex-module vcex-image-banner wpex-flex wpex-flex-col wpex-w-100 wpex-justify-center wpex-relative wpex-overflow-hidden wpex-bg-gray-900 wpex-text-white wpex-hover-text-white wpex-text-center vcex-has-img-tag\"><img  src=\"http:\/\/xima.es\/wp-content\/uploads\/2025\/03\/IMG_4610-2-scaled.jpg\" class=\"vcex-ib-img wpex-block wpex-transition-all wpex-duration-500 wpex-block wpex-flex-grow wpex-h-100 wpex-w-100 wpex-object-cover\" alt=\"\"><div class=\"vcex-ib-overlay wpex-absolute wpex-inset-0 wpex-transition-all wpex-duration-500\"><div class=\"vcex-ib-overlay-bg wpex-absolute wpex-inset-0 wpex-bg-black wpex-opacity-30\"><\/div><\/div><div class=\"vcex-ib-content-wrap wpex-w-100 wpex-transition-all wpex-duration-500 wpex-absolute wpex-inset-0 wpex-flex wpex-items-center wpex-p-30\"><div class=\"vcex-ib-content wpex-flex-grow wpex-mx-auto\"><\/div><\/div><\/div>[\/vc_column][\/vc_row]\n<\/div>","protected":false},"excerpt":{"rendered":"<p>[vc_section full_width=\u00bbstretch_row\u00bb css=\u00bb.vc_custom_1725441478733{background-color: #ffffff !important;border-color: #ffffff !important;}\u00bb][vc_row full_width=\u00bbstretch_row\u00bb content_placement=\u00bbmiddle\u00bb remove_bottom_col_margin=\u00bbtrue\u00bb wpex_fixed_bg=\u00bbfixed\u00bb wpex_bg_overlay=\u00bbdark\u00bb css=\u00bb.vc_custom_1724420416640{padding-top: 30px !important;padding-bottom: 30px !important;background-image: url(http:\/\/xima.es\/wp-content\/uploads\/2024\/08\/somos-scaled.jpg?id=406) !important;background-position: center !important;background-repeat: no-repeat !important;background-size: cover !important;}\u00bb wpex_bg_overlay_opacity=\u00bb60%\u00bb min_height=\u00bb300px\u00bb][vc_column][vc_column_text css=\u00bb\u00bb text_align=\u00bbcenter\u00bb color=\u00bb#ffffff\u00bb font_size=\u00bb20px\u00bb]25 ANIVERSARIO 1999 &#8211; 2024[\/vc_column_text][\/vc_column][\/vc_row][vc_row content_placement=\u00bbmiddle\u00bb gap=\u00bb30&#8243; remove_bottom_col_margin=\u00bbtrue\u00bb center_row=\u00bbyes\u00bb local_scroll_id=\u00bboverview\u00bb css=\u00bb.vc_custom_1724420715659{margin-top: 50px !important;}\u00bb][vc_column width=\u00bb1\/2&#8243;][vc_column_text css=\u00bb\u00bb text_align=\u00bbcenter\u00bb font_size=\u00bb1.2em\u00bb width=\u00bb350px\u00bb]El servicio, la calidad, la tecnolog\u00eda y el&hellip;<\/p>\n","protected":false},"author":1,"featured_media":0,"parent":0,"menu_order":0,"comment_status":"closed","ping_status":"closed","template":"","meta":{"footnotes":""},"class_list":["post-390","page","type-page","status-publish","hentry","entry","no-media"],"_links":{"self":[{"href":"http:\/\/xima.es\/index.php\/wp-json\/wp\/v2\/pages\/390","targetHints":{"allow":["GET"]}}],"collection":[{"href":"http:\/\/xima.es\/index.php\/wp-json\/wp\/v2\/pages"}],"about":[{"href":"http:\/\/xima.es\/index.php\/wp-json\/wp\/v2\/types\/page"}],"author":[{"embeddable":true,"href":"http:\/\/xima.es\/index.php\/wp-json\/wp\/v2\/users\/1"}],"replies":[{"embeddable":true,"href":"http:\/\/xima.es\/index.php\/wp-json\/wp\/v2\/comments?post=390"}],"version-history":[{"count":64,"href":"http:\/\/xima.es\/index.php\/wp-json\/wp\/v2\/pages\/390\/revisions"}],"predecessor-version":[{"id":653,"href":"http:\/\/xima.es\/index.php\/wp-json\/wp\/v2\/pages\/390\/revisions\/653"}],"wp:attachment":[{"href":"http:\/\/xima.es\/index.php\/wp-json\/wp\/v2\/media?parent=390"}],"curies":[{"name":"wp","href":"https:\/\/api.w.org\/{rel}","templated":true}]}}