{"id":432,"date":"2024-08-25T15:01:27","date_gmt":"2024-08-25T15:01:27","guid":{"rendered":"http:\/\/xima.es\/?page_id=432"},"modified":"2025-05-06T14:38:33","modified_gmt":"2025-05-06T14:38:33","slug":"instalaciones","status":"publish","type":"page","link":"http:\/\/xima.es\/index.php\/instalaciones\/","title":{"rendered":"Instalaciones"},"content":{"rendered":"<div class=\"wpb-content-wrapper\">[vc_section full_width=\u00bbstretch_row\u00bb css=\u00bb.vc_custom_1725484688224{background-color: #ffffff !important;border-color: #ffffff !important;}\u00bb][vc_row full_width=\u00bbstretch_row\u00bb content_placement=\u00bbmiddle\u00bb remove_bottom_col_margin=\u00bbtrue\u00bb wpex_fixed_bg=\u00bbfixed\u00bb wpex_bg_overlay=\u00bbdark\u00bb css=\u00bb.vc_custom_1724420416640{padding-top: 30px !important;padding-bottom: 30px !important;background-image: url(http:\/\/xima.es\/wp-content\/uploads\/2024\/08\/somos-scaled.jpg?id=406) !important;background-position: center !important;background-repeat: no-repeat !important;background-size: cover !important;}\u00bb wpex_bg_overlay_opacity=\u00bb60%\u00bb min_height=\u00bb300px\u00bb][vc_column]<style>.vcex-heading.vcex_69f4497ced901{color:#ffffff;font-size:50px;line-height:1.2;}@media (max-width:959px){.vcex-heading.vcex_69f4497ced901{font-size:40px;}}@media (max-width:479px){.vcex-heading.vcex_69f4497ced901{font-size:35px;}}<\/style><div class=\"vcex-heading vcex-heading-plain vcex-module wpex-heading wpex-text-2xl wpex-mb-15 wpex-text-center vcex_69f4497ced901\"><span class=\"vcex-heading-inner wpex-inline-block\">INSTALACIONES<\/span><\/div>[vc_column_text css=\u00bb\u00bb text_align=\u00bbcenter\u00bb color=\u00bb#ffffff\u00bb font_size=\u00bb20px\u00bb]PL\u00c1STICOS XIMA[\/vc_column_text][\/vc_column][\/vc_row][\/vc_section][vc_row content_placement=\u00bbmiddle\u00bb css=\u00bb.vc_custom_1733308085679{margin-top: 50px !important;margin-bottom: 50px !important;border-top-width: 50px !important;border-bottom-width: 50px !important;background-color: #ffffff !important;border-color: #ffffff !important;}\u00bb local_scroll_id=\u00bbfeatures\u00bb][vc_column width=\u00bb1\/2&#8243; css=\u00bb.vc_custom_1724425462525{padding-right: 8vw !important;padding-left: 8vw !important;}\u00bb]<div class=\"vcex-spacing wpex-w-100 wpex-clear\"><\/div><figure class=\"vcex-image vcex-module\"><div class=\"vcex-image-inner wpex-relative wpex-inline-block\"><img width=\"218\" height=\"69\" src=\"http:\/\/xima.es\/wp-content\/uploads\/2024\/09\/XIMA-PLASTICOS.png\" class=\"vcex-image-img wpex-align-middle\" alt=\"\" loading=\"lazy\" decoding=\"async\" \/><\/div><\/figure>[\/vc_column][vc_column width=\u00bb1\/2&#8243;][vc_column_text css=\u00bb\u00bb]Pl\u00e1sticos Xima\u00a0dispone de unas instalaciones de m\u00e1s de 4.000 m2 repartidos entre planta,\u00a0almac\u00e9n, taller de mantenimiento y oficinas.<\/p>\n<p>Disponemos de 19 m\u00e1quinas de inyecci\u00f3n de \u00faltima tecnolog\u00eda para cumplir con los m\u00e1s altos est\u00e1ndares de calidad.[\/vc_column_text][\/vc_column][\/vc_row][vc_row full_width=\u00bbstretch_row_content_no_spaces\u00bb equal_height=\u00bbyes\u00bb remove_bottom_col_margin=\u00bbtrue\u00bb css=\u00bb.vc_custom_1724251986196{background-color: #f6f6f6 !important;}\u00bb][vc_column parallax=\u00bbcontent-moving\u00bb css=\u00bb.vc_custom_1724252891103{background-position: center !important;background-repeat: no-repeat !important;background-size: cover !important;}\u00bb]<figure class=\"vcex-image vcex-module\"><div class=\"vcex-image-inner wpex-relative wpex-inline-block\"><img width=\"2560\" height=\"1222\" src=\"http:\/\/xima.es\/wp-content\/uploads\/2024\/12\/Foto-planta-sin-cables-izda-1-scaled.jpg\" class=\"vcex-image-img wpex-align-middle\" alt=\"\" loading=\"lazy\" decoding=\"async\" srcset=\"http:\/\/xima.es\/wp-content\/uploads\/2024\/12\/Foto-planta-sin-cables-izda-1-scaled.jpg 2560w, http:\/\/xima.es\/wp-content\/uploads\/2024\/12\/Foto-planta-sin-cables-izda-1-300x143.jpg 300w, http:\/\/xima.es\/wp-content\/uploads\/2024\/12\/Foto-planta-sin-cables-izda-1-1024x489.jpg 1024w, http:\/\/xima.es\/wp-content\/uploads\/2024\/12\/Foto-planta-sin-cables-izda-1-768x366.jpg 768w, http:\/\/xima.es\/wp-content\/uploads\/2024\/12\/Foto-planta-sin-cables-izda-1-1536x733.jpg 1536w, http:\/\/xima.es\/wp-content\/uploads\/2024\/12\/Foto-planta-sin-cables-izda-1-2048x977.jpg 2048w\" sizes=\"auto, (max-width: 2560px) 100vw, 2560px\" \/><\/div><\/figure>[\/vc_column][\/vc_row]\n<\/div>","protected":false},"excerpt":{"rendered":"<p>[vc_section full_width=\u00bbstretch_row\u00bb css=\u00bb.vc_custom_1725484688224{background-color: #ffffff !important;border-color: #ffffff !important;}\u00bb][vc_row full_width=\u00bbstretch_row\u00bb content_placement=\u00bbmiddle\u00bb remove_bottom_col_margin=\u00bbtrue\u00bb wpex_fixed_bg=\u00bbfixed\u00bb wpex_bg_overlay=\u00bbdark\u00bb css=\u00bb.vc_custom_1724420416640{padding-top: 30px !important;padding-bottom: 30px !important;background-image: url(http:\/\/xima.es\/wp-content\/uploads\/2024\/08\/somos-scaled.jpg?id=406) !important;background-position: center !important;background-repeat: no-repeat !important;background-size: cover !important;}\u00bb wpex_bg_overlay_opacity=\u00bb60%\u00bb min_height=\u00bb300px\u00bb][vc_column][vc_column_text css=\u00bb\u00bb text_align=\u00bbcenter\u00bb color=\u00bb#ffffff\u00bb font_size=\u00bb20px\u00bb]PL\u00c1STICOS XIMA[\/vc_column_text][\/vc_column][\/vc_row][\/vc_section][vc_row content_placement=\u00bbmiddle\u00bb css=\u00bb.vc_custom_1733308085679{margin-top: 50px !important;margin-bottom: 50px !important;border-top-width: 50px !important;border-bottom-width: 50px !important;background-color: #ffffff !important;border-color: #ffffff !important;}\u00bb local_scroll_id=\u00bbfeatures\u00bb][vc_column width=\u00bb1\/2&#8243; css=\u00bb.vc_custom_1724425462525{padding-right: 8vw !important;padding-left: 8vw !important;}\u00bb][\/vc_column][vc_column width=\u00bb1\/2&#8243;][vc_column_text css=\u00bb\u00bb]Pl\u00e1sticos&hellip;<\/p>\n","protected":false},"author":1,"featured_media":0,"parent":0,"menu_order":0,"comment_status":"closed","ping_status":"closed","template":"","meta":{"footnotes":""},"class_list":["post-432","page","type-page","status-publish","hentry","entry","no-media"],"_links":{"self":[{"href":"http:\/\/xima.es\/index.php\/wp-json\/wp\/v2\/pages\/432","targetHints":{"allow":["GET"]}}],"collection":[{"href":"http:\/\/xima.es\/index.php\/wp-json\/wp\/v2\/pages"}],"about":[{"href":"http:\/\/xima.es\/index.php\/wp-json\/wp\/v2\/types\/page"}],"author":[{"embeddable":true,"href":"http:\/\/xima.es\/index.php\/wp-json\/wp\/v2\/users\/1"}],"replies":[{"embeddable":true,"href":"http:\/\/xima.es\/index.php\/wp-json\/wp\/v2\/comments?post=432"}],"version-history":[{"count":14,"href":"http:\/\/xima.es\/index.php\/wp-json\/wp\/v2\/pages\/432\/revisions"}],"predecessor-version":[{"id":845,"href":"http:\/\/xima.es\/index.php\/wp-json\/wp\/v2\/pages\/432\/revisions\/845"}],"wp:attachment":[{"href":"http:\/\/xima.es\/index.php\/wp-json\/wp\/v2\/media?parent=432"}],"curies":[{"name":"wp","href":"https:\/\/api.w.org\/{rel}","templated":true}]}}