{"id":524,"date":"2024-08-31T07:47:23","date_gmt":"2024-08-31T07:47:23","guid":{"rendered":"http:\/\/xima.es\/?page_id=524"},"modified":"2025-05-06T14:43:15","modified_gmt":"2025-05-06T14:43:15","slug":"sostenibilidad","status":"publish","type":"page","link":"http:\/\/xima.es\/index.php\/sostenibilidad\/","title":{"rendered":"Sostenibilidad"},"content":{"rendered":"<div class=\"wpb-content-wrapper\">[vc_section full_width=\u00bbstretch_row\u00bb css=\u00bb.vc_custom_1725485263991{background-color: #ffffff !important;border-color: #ffffff !important;}\u00bb][vc_row full_width=\u00bbstretch_row\u00bb content_placement=\u00bbmiddle\u00bb remove_bottom_col_margin=\u00bbtrue\u00bb wpex_fixed_bg=\u00bbfixed\u00bb wpex_bg_overlay=\u00bbdark\u00bb css=\u00bb.vc_custom_1724420416640{padding-top: 30px !important;padding-bottom: 30px !important;background-image: url(http:\/\/xima.es\/wp-content\/uploads\/2024\/08\/somos-scaled.jpg?id=406) !important;background-position: center !important;background-repeat: no-repeat !important;background-size: cover !important;}\u00bb wpex_bg_overlay_opacity=\u00bb60%\u00bb min_height=\u00bb300px\u00bb][vc_column]<style>.vcex-heading.vcex_69f449773f2a3{color:#ffffff;font-size:50px;line-height:1.2;}@media (max-width:959px){.vcex-heading.vcex_69f449773f2a3{font-size:40px;}}@media (max-width:479px){.vcex-heading.vcex_69f449773f2a3{font-size:35px;}}<\/style><div class=\"vcex-heading vcex-heading-plain vcex-module wpex-heading wpex-text-2xl wpex-mb-15 wpex-text-center vcex_69f449773f2a3\"><span class=\"vcex-heading-inner wpex-inline-block\">SOSTENIBILIDAD<\/span><\/div>[vc_column_text css=\u00bb\u00bb text_align=\u00bbcenter\u00bb color=\u00bb#ffffff\u00bb font_size=\u00bb20px\u00bb]PL\u00c1STICOS XIMA[\/vc_column_text][\/vc_column][\/vc_row][vc_row content_placement=\u00bbmiddle\u00bb gap=\u00bb30&#8243; remove_bottom_col_margin=\u00bbtrue\u00bb center_row=\u00bbyes\u00bb local_scroll_id=\u00bboverview\u00bb css=\u00bb.vc_custom_1724420715659{margin-top: 50px !important;}\u00bb][vc_column width=\u00bb1\/2&#8243;]<div class=\"vcex-spacing wpex-w-100 wpex-clear\"><\/div><style>.vcex-heading.vcex_69f449773fe11{width:600px;font-size:42px;}<\/style><div class=\"vcex-heading vcex-heading-plain vcex-module wpex-heading wpex-text-2xl wpex-mb-25 wpex-text-center wpex-max-w-100 wpex-mx-auto vcex_69f449773fe11\"><span class=\"vcex-heading-inner wpex-inline-block\">Sostenibilidad<\/span><\/div>[vc_column_text css=\u00bb\u00bb text_align=\u00bbcenter\u00bb font_size=\u00bb1.2em\u00bb width=\u00bb350px\u00bb]Pl\u00e1sticos Xima ha apostado por la inversi\u00f3n para reducir el elevado consumo el\u00e9ctrico propio de una industria de inyecci\u00f3n y disminuir tambi\u00e9n su huella de carbono.[\/vc_column_text]<div class=\"vcex-spacing wpex-w-100 wpex-clear\"><\/div><div class=\"theme-button-wrap textcenter wpex-clr\"><a href=\"http:\/\/xima.es\/index.php\/instalacion-fotovoltaica\/\" class=\"vcex-button theme-button align-center inline\" style=\"background:#04283a;\"><span class=\"vcex-button-inner theme-button-inner\">Placas solares<\/span><\/a><\/div> <div class=\"vcex-spacing wpex-w-100 wpex-clear\" style=\"height:50px;\"><\/div>[\/vc_column][vc_column width=\u00bb1\/2&#8243;][vc_column_text css=\u00bb\u00bb text_align=\u00bbcenter\u00bb width=\u00bb700px\u00bb]\n<ul>\n<li style=\"text-align: left;\">Placas solares: Pl\u00e1sticos Xima ha implantado un sistema de an\u00e1lisis de datos a tiempo real para tomar decisiones de ahorro energ\u00e9tico. El ahorro de CO2 conseguido en un a\u00f1o lleg\u00f3 a 149 toneladas.<\/li>\n<li style=\"text-align: left;\">Dispositivo E.B2: Es una\u00a0soluci\u00f3n de eficiencia energ\u00e9tica que permite reducir emisiones de CO2 hasta 24 toneladas al a\u00f1o y, entre otras mejoras, igualar los voltajes en cada una de las fases de producci\u00f3n.<\/li>\n<\/ul>\n[\/vc_column_text][\/vc_column][\/vc_row][vc_row full_width=\u00bbstretch_row\u00bb content_placement=\u00bbmiddle\u00bb remove_bottom_col_margin=\u00bbtrue\u00bb wpex_fixed_bg=\u00bbfixed\u00bb wpex_bg_overlay=\u00bbdark\u00bb css=\u00bb.vc_custom_1741169985854{padding-top: 30px !important;padding-bottom: 30px !important;background-image: url(http:\/\/xima.es\/wp-content\/uploads\/2025\/03\/Placas-solares.jpg?id=805) !important;background-position: center !important;background-repeat: no-repeat !important;background-size: cover !important;}\u00bb wpex_bg_overlay_opacity=\u00bb60%\u00bb min_height=\u00bb300px\u00bb][vc_column][\/vc_column][\/vc_row][vc_row full_width=\u00bbstretch_row_content_no_spaces\u00bb content_placement=\u00bbmiddle\u00bb][vc_column]<div class=\"vcex-spacing wpex-w-100 wpex-clear\"><\/div><div class=\"vcex-module vcex-divider vcex-divider-solid vcex-divider-center wpex-mx-auto wpex-block wpex-h-0 wpex-border-b wpex-border-solid wpex-border-main\"><\/div><div class=\"vcex-spacing wpex-w-100 wpex-clear\"><\/div><style>.vcex-heading.vcex_69f44977417c8{width:600px;font-size:42px;}<\/style><div class=\"vcex-heading vcex-heading-plain vcex-module wpex-heading wpex-text-2xl wpex-mb-25 wpex-text-center wpex-max-w-100 wpex-mx-auto vcex_69f44977417c8\"><span class=\"vcex-heading-inner wpex-inline-block\">Certificados<\/span><\/div><div class=\"vcex-module vcex-divider vcex-divider-solid vcex-divider-center wpex-mx-auto wpex-block wpex-h-0 wpex-border-b wpex-border-solid wpex-border-main\"><\/div>[\/vc_column][\/vc_row][vc_row full_width=\u00bbstretch_row_content_no_spaces\u00bb content_placement=\u00bbmiddle\u00bb][vc_column width=\u00bb1\/2&#8243;]<figure class=\"vcex-image vcex-module textcenter\"><div class=\"vcex-image-inner wpex-relative wpex-inline-block\"><img width=\"1200\" height=\"687\" src=\"http:\/\/xima.es\/wp-content\/uploads\/2024\/08\/idae32.jpg\" class=\"vcex-image-img wpex-align-middle\" alt=\"\" loading=\"lazy\" decoding=\"async\" srcset=\"http:\/\/xima.es\/wp-content\/uploads\/2024\/08\/idae32.jpg 1200w, http:\/\/xima.es\/wp-content\/uploads\/2024\/08\/idae32-300x172.jpg 300w, http:\/\/xima.es\/wp-content\/uploads\/2024\/08\/idae32-1024x586.jpg 1024w, http:\/\/xima.es\/wp-content\/uploads\/2024\/08\/idae32-768x440.jpg 768w\" sizes=\"auto, (max-width: 1200px) 100vw, 1200px\" \/><\/div><\/figure>[\/vc_column][vc_column width=\u00bb1\/2&#8243;]<figure class=\"vcex-image vcex-module textcenter\"><div class=\"vcex-image-inner wpex-relative wpex-inline-block\"><img width=\"1200\" height=\"687\" src=\"http:\/\/xima.es\/wp-content\/uploads\/2024\/08\/idae3.jpg\" class=\"vcex-image-img wpex-align-middle\" alt=\"\" loading=\"lazy\" decoding=\"async\" srcset=\"http:\/\/xima.es\/wp-content\/uploads\/2024\/08\/idae3.jpg 1200w, http:\/\/xima.es\/wp-content\/uploads\/2024\/08\/idae3-300x172.jpg 300w, http:\/\/xima.es\/wp-content\/uploads\/2024\/08\/idae3-1024x586.jpg 1024w, http:\/\/xima.es\/wp-content\/uploads\/2024\/08\/idae3-768x440.jpg 768w\" sizes=\"auto, (max-width: 1200px) 100vw, 1200px\" \/><\/div><\/figure>[\/vc_column][\/vc_row][vc_row full_width=\u00bbstretch_row_content_no_spaces\u00bb content_placement=\u00bbmiddle\u00bb][vc_column width=\u00bb1\/2&#8243;]<figure class=\"vcex-image vcex-module textcenter\"><div class=\"vcex-image-inner wpex-relative wpex-inline-block\"><img width=\"1200\" height=\"687\" src=\"http:\/\/xima.es\/wp-content\/uploads\/2024\/08\/fnee23.jpg\" class=\"vcex-image-img wpex-align-middle\" alt=\"\" loading=\"lazy\" decoding=\"async\" srcset=\"http:\/\/xima.es\/wp-content\/uploads\/2024\/08\/fnee23.jpg 1200w, http:\/\/xima.es\/wp-content\/uploads\/2024\/08\/fnee23-300x172.jpg 300w, http:\/\/xima.es\/wp-content\/uploads\/2024\/08\/fnee23-1024x586.jpg 1024w, http:\/\/xima.es\/wp-content\/uploads\/2024\/08\/fnee23-768x440.jpg 768w\" sizes=\"auto, (max-width: 1200px) 100vw, 1200px\" \/><\/div><\/figure>[\/vc_column][vc_column width=\u00bb1\/2&#8243;]<figure class=\"vcex-image vcex-module textcenter\"><div class=\"vcex-image-inner wpex-relative wpex-inline-block\"><img width=\"1200\" height=\"687\" src=\"http:\/\/xima.es\/wp-content\/uploads\/2024\/08\/idae.jpg\" class=\"vcex-image-img wpex-align-middle\" alt=\"\" loading=\"lazy\" decoding=\"async\" srcset=\"http:\/\/xima.es\/wp-content\/uploads\/2024\/08\/idae.jpg 1200w, http:\/\/xima.es\/wp-content\/uploads\/2024\/08\/idae-300x172.jpg 300w, http:\/\/xima.es\/wp-content\/uploads\/2024\/08\/idae-1024x586.jpg 1024w, http:\/\/xima.es\/wp-content\/uploads\/2024\/08\/idae-768x440.jpg 768w\" sizes=\"auto, (max-width: 1200px) 100vw, 1200px\" \/><\/div><\/figure>[\/vc_column][\/vc_row][vc_row full_width=\u00bbstretch_row_content_no_spaces\u00bb content_placement=\u00bbmiddle\u00bb][vc_column width=\u00bb1\/2&#8243;]<figure class=\"vcex-image vcex-module textcenter\"><div class=\"vcex-image-inner wpex-relative wpex-inline-block\"><img width=\"1200\" height=\"687\" src=\"http:\/\/xima.es\/wp-content\/uploads\/2024\/08\/idae2.jpg\" class=\"vcex-image-img wpex-align-middle\" alt=\"\" loading=\"lazy\" decoding=\"async\" srcset=\"http:\/\/xima.es\/wp-content\/uploads\/2024\/08\/idae2.jpg 1200w, http:\/\/xima.es\/wp-content\/uploads\/2024\/08\/idae2-300x172.jpg 300w, http:\/\/xima.es\/wp-content\/uploads\/2024\/08\/idae2-1024x586.jpg 1024w, http:\/\/xima.es\/wp-content\/uploads\/2024\/08\/idae2-768x440.jpg 768w\" sizes=\"auto, (max-width: 1200px) 100vw, 1200px\" \/><\/div><\/figure>[\/vc_column][vc_column width=\u00bb1\/2&#8243;]<figure class=\"vcex-image vcex-module textcenter\"><div class=\"vcex-image-inner wpex-relative wpex-inline-block\"><img width=\"95\" height=\"83\" src=\"http:\/\/xima.es\/wp-content\/uploads\/2025\/03\/image032.png\" class=\"vcex-image-img wpex-align-middle\" alt=\"\" loading=\"lazy\" decoding=\"async\" \/><\/div><\/figure>[\/vc_column][\/vc_row][vc_row full_width=\u00bbstretch_row_content_no_spaces\u00bb content_placement=\u00bbmiddle\u00bb][vc_column]<div class=\"vcex-spacing wpex-w-100 wpex-clear\"><\/div><div class=\"vcex-module vcex-divider vcex-divider-solid vcex-divider-center wpex-mx-auto wpex-block wpex-h-0 wpex-border-b wpex-border-solid wpex-border-main\"><\/div><div class=\"vcex-spacing wpex-w-100 wpex-clear\"><\/div><style>.vcex-heading.vcex_69f4497745290{width:600px;font-size:42px;}<\/style><div class=\"vcex-heading vcex-heading-plain vcex-module wpex-heading wpex-text-2xl wpex-mb-25 wpex-text-center wpex-max-w-100 wpex-mx-auto vcex_69f4497745290\"><span class=\"vcex-heading-inner wpex-inline-block\">Subvenciones<\/span><\/div><div class=\"vcex-module vcex-divider vcex-divider-solid vcex-divider-center wpex-mx-auto wpex-block wpex-h-0 wpex-border-b wpex-border-solid wpex-border-main\"><\/div>[\/vc_column][\/vc_row][vc_row full_width=\u00bbstretch_row_content_no_spaces\u00bb content_placement=\u00bbmiddle\u00bb][vc_column width=\u00bb1\/2&#8243;]<figure class=\"vcex-image vcex-module textcenter\"><div class=\"vcex-image-inner wpex-relative wpex-inline-block\"><img width=\"2560\" height=\"1440\" src=\"http:\/\/xima.es\/wp-content\/uploads\/2025\/01\/Cartel_publicidad_PXIMA-scaled.jpg\" class=\"vcex-image-img wpex-align-middle\" alt=\"\" loading=\"lazy\" decoding=\"async\" srcset=\"http:\/\/xima.es\/wp-content\/uploads\/2025\/01\/Cartel_publicidad_PXIMA-scaled.jpg 2560w, http:\/\/xima.es\/wp-content\/uploads\/2025\/01\/Cartel_publicidad_PXIMA-300x169.jpg 300w, http:\/\/xima.es\/wp-content\/uploads\/2025\/01\/Cartel_publicidad_PXIMA-1024x576.jpg 1024w, http:\/\/xima.es\/wp-content\/uploads\/2025\/01\/Cartel_publicidad_PXIMA-768x432.jpg 768w, http:\/\/xima.es\/wp-content\/uploads\/2025\/01\/Cartel_publicidad_PXIMA-1536x864.jpg 1536w, http:\/\/xima.es\/wp-content\/uploads\/2025\/01\/Cartel_publicidad_PXIMA-2048x1152.jpg 2048w\" sizes=\"auto, (max-width: 2560px) 100vw, 2560px\" \/><\/div><\/figure>[vc_column_text css=\u00bb\u00bb]\n<p style=\"text-align: center;\"><a href=\"http:\/\/xima.es\/wp-content\/uploads\/2025\/01\/Noticia_web_PXIMA.pdf\">Ver noticia<\/a><\/p>\n[\/vc_column_text][\/vc_column][vc_column width=\u00bb1\/2&#8243;][\/vc_column][\/vc_row][\/vc_section]\n<\/div>","protected":false},"excerpt":{"rendered":"<p>[vc_section full_width=\u00bbstretch_row\u00bb css=\u00bb.vc_custom_1725485263991{background-color: #ffffff !important;border-color: #ffffff !important;}\u00bb][vc_row full_width=\u00bbstretch_row\u00bb content_placement=\u00bbmiddle\u00bb remove_bottom_col_margin=\u00bbtrue\u00bb wpex_fixed_bg=\u00bbfixed\u00bb wpex_bg_overlay=\u00bbdark\u00bb css=\u00bb.vc_custom_1724420416640{padding-top: 30px !important;padding-bottom: 30px !important;background-image: url(http:\/\/xima.es\/wp-content\/uploads\/2024\/08\/somos-scaled.jpg?id=406) !important;background-position: center !important;background-repeat: no-repeat !important;background-size: cover !important;}\u00bb wpex_bg_overlay_opacity=\u00bb60%\u00bb min_height=\u00bb300px\u00bb][vc_column][vc_column_text css=\u00bb\u00bb text_align=\u00bbcenter\u00bb color=\u00bb#ffffff\u00bb font_size=\u00bb20px\u00bb]PL\u00c1STICOS XIMA[\/vc_column_text][\/vc_column][\/vc_row][vc_row content_placement=\u00bbmiddle\u00bb gap=\u00bb30&#8243; remove_bottom_col_margin=\u00bbtrue\u00bb center_row=\u00bbyes\u00bb local_scroll_id=\u00bboverview\u00bb css=\u00bb.vc_custom_1724420715659{margin-top: 50px !important;}\u00bb][vc_column width=\u00bb1\/2&#8243;][vc_column_text css=\u00bb\u00bb text_align=\u00bbcenter\u00bb font_size=\u00bb1.2em\u00bb width=\u00bb350px\u00bb]Pl\u00e1sticos Xima ha apostado por la inversi\u00f3n para reducir el elevado&hellip;<\/p>\n","protected":false},"author":1,"featured_media":0,"parent":0,"menu_order":0,"comment_status":"closed","ping_status":"closed","template":"","meta":{"footnotes":""},"class_list":["post-524","page","type-page","status-publish","hentry","entry","no-media"],"_links":{"self":[{"href":"http:\/\/xima.es\/index.php\/wp-json\/wp\/v2\/pages\/524","targetHints":{"allow":["GET"]}}],"collection":[{"href":"http:\/\/xima.es\/index.php\/wp-json\/wp\/v2\/pages"}],"about":[{"href":"http:\/\/xima.es\/index.php\/wp-json\/wp\/v2\/types\/page"}],"author":[{"embeddable":true,"href":"http:\/\/xima.es\/index.php\/wp-json\/wp\/v2\/users\/1"}],"replies":[{"embeddable":true,"href":"http:\/\/xima.es\/index.php\/wp-json\/wp\/v2\/comments?post=524"}],"version-history":[{"count":23,"href":"http:\/\/xima.es\/index.php\/wp-json\/wp\/v2\/pages\/524\/revisions"}],"predecessor-version":[{"id":849,"href":"http:\/\/xima.es\/index.php\/wp-json\/wp\/v2\/pages\/524\/revisions\/849"}],"wp:attachment":[{"href":"http:\/\/xima.es\/index.php\/wp-json\/wp\/v2\/media?parent=524"}],"curies":[{"name":"wp","href":"https:\/\/api.w.org\/{rel}","templated":true}]}}