{"id":547,"date":"2024-08-31T08:57:26","date_gmt":"2024-08-31T08:57:26","guid":{"rendered":"http:\/\/xima.es\/?page_id=547"},"modified":"2025-06-12T11:11:58","modified_gmt":"2025-06-12T11:11:58","slug":"tecnologia","status":"publish","type":"page","link":"http:\/\/xima.es\/index.php\/tecnologia\/","title":{"rendered":"Tecnolog\u00eda"},"content":{"rendered":"<div class=\"wpb-content-wrapper\">[vc_section full_width=\u00bbstretch_row\u00bb css=\u00bb.vc_custom_1725485085507{background-color: #ffffff !important;border-color: #ffffff !important;}\u00bb][vc_row full_width=\u00bbstretch_row\u00bb content_placement=\u00bbmiddle\u00bb remove_bottom_col_margin=\u00bbtrue\u00bb wpex_fixed_bg=\u00bbfixed\u00bb wpex_bg_overlay=\u00bbdark\u00bb css=\u00bb.vc_custom_1724420416640{padding-top: 30px !important;padding-bottom: 30px !important;background-image: url(http:\/\/xima.es\/wp-content\/uploads\/2024\/08\/somos-scaled.jpg?id=406) !important;background-position: center !important;background-repeat: no-repeat !important;background-size: cover !important;}\u00bb wpex_bg_overlay_opacity=\u00bb60%\u00bb min_height=\u00bb300px\u00bb][vc_column]<style>.vcex-heading.vcex_69f447fa12f91{color:#ffffff;font-size:50px;line-height:1.2;}@media (max-width:959px){.vcex-heading.vcex_69f447fa12f91{font-size:40px;}}@media (max-width:479px){.vcex-heading.vcex_69f447fa12f91{font-size:35px;}}<\/style><div class=\"vcex-heading vcex-heading-plain vcex-module wpex-heading wpex-text-2xl wpex-mb-15 wpex-text-center vcex_69f447fa12f91\"><span class=\"vcex-heading-inner wpex-inline-block\">TECNOLOG\u00cdA<\/span><\/div>[vc_column_text css=\u00bb\u00bb text_align=\u00bbcenter\u00bb color=\u00bb#ffffff\u00bb font_size=\u00bb20px\u00bb]PL\u00c1STICOS XIMA[\/vc_column_text][\/vc_column][\/vc_row][vc_row content_placement=\u00bbmiddle\u00bb gap=\u00bb30&#8243; remove_bottom_col_margin=\u00bbtrue\u00bb center_row=\u00bbyes\u00bb local_scroll_id=\u00bboverview\u00bb css=\u00bb.vc_custom_1724420715659{margin-top: 50px !important;}\u00bb][vc_column width=\u00bb1\/2&#8243;]<div class=\"vcex-spacing wpex-w-100 wpex-clear\"><\/div><style>.vcex-heading.vcex_69f447fa13a9f{width:600px;font-size:42px;}<\/style><div class=\"vcex-heading vcex-heading-plain vcex-module wpex-heading wpex-text-2xl wpex-mb-25 wpex-text-center wpex-max-w-100 wpex-mx-auto vcex_69f447fa13a9f\"><span class=\"vcex-heading-inner wpex-inline-block\">Perif\u00e9ricos<\/span><\/div>[vc_column_text css=\u00bb\u00bb font_size=\u00bb1.2em\u00bb]\n<p style=\"text-align: center;\">A\u00f1adimos perif\u00e9ricos a nuestra maquinaria para que el proceso de inyecci\u00f3n sea lo m\u00e1s\u00a0eficiente y completo posible<\/p>\n[\/vc_column_text][\/vc_column][vc_column width=\u00bb1\/2&#8243;][vc_column_text css=\u00bb\u00bb text_align=\u00bbcenter\u00bb width=\u00bb700px\u00bb]\n<p style=\"text-align: left;\">Pl\u00e1sticos Xima invierte en tecnolog\u00eda de manera continua. De esta manera, proporciona m\u00e1s precisi\u00f3n y eficiencia en la fabricaci\u00f3n de las piezas, ofreciendo los mejores resultados a los requerimientos del cliente.<\/p>\n<ul style=\"text-align: left;\">\n<li>La manipulaci\u00f3n de la pieza es reducida porque se realiza con robots y sacacoladas.<\/li>\n<li>La materia prima se trata con equipos avanzados de deshumidificado de acuerdo a sus propias caracter\u00edsticas.<\/li>\n<li>Controladores de temperatura.<\/li>\n<li>Atemperadores.<\/li>\n<li>Dosificadores volum\u00e9tricos y gravim\u00e9tricos.<\/li>\n<li>Detectores l\u00e1ser.<\/li>\n<li>C\u00e1maras de visi\u00f3n artificial.<\/li>\n<li>Diferentes tecnolog\u00edas que optimizan el proceso de producci\u00f3n.<\/li>\n<li>Limpieza de moldes por ultrasonidos.<b><u><\/u><\/b><\/li>\n<\/ul>\n<p style=\"text-align: left;\">Plasticos Xima ha implantado una plataforma de la industria 4.0 que \u00a0orienta a la digitalizaci\u00f3n industrial y el control de la producci\u00f3n para el an\u00e1lisis a tiempo real. Con ello, se consigue una perfecta trazabilidad de los productos.<\/p>\n[\/vc_column_text]<div class=\"vcex-spacing wpex-w-100 wpex-clear\"><\/div>[\/vc_column][\/vc_row][vc_row full_width=\u00bbstretch_row_content_no_spaces\u00bb column_spacing=\u00bb5&#8243; gap=\u00bb5&#8243; equal_height=\u00bbyes\u00bb remove_bottom_col_margin=\u00bbtrue\u00bb css=\u00bb.vc_custom_1749726716817{background-color: #f6f6f6 !important;}\u00bb][vc_column parallax=\u00bbcontent-moving\u00bb width=\u00bb1\/4&#8243; css=\u00bb.vc_custom_1749726605480{background-position: center !important;background-repeat: no-repeat !important;background-size: cover !important;}\u00bb offset=\u00bbvc_hidden-lg vc_hidden-md\u00bb]<div class=\"vcex-module vcex-image-banner wpex-flex wpex-flex-col wpex-w-100 wpex-justify-center wpex-relative wpex-overflow-hidden wpex-bg-gray-900 wpex-text-white wpex-hover-text-white wpex-text-center vcex-has-img-tag\"><img  src=\"http:\/\/xima.es\/wp-content\/uploads\/2025\/03\/gra-scaled.jpg\" class=\"vcex-ib-img wpex-block wpex-transition-all wpex-duration-500 wpex-block wpex-flex-grow wpex-h-100 wpex-w-100 wpex-object-cover\" alt=\"\"><div class=\"vcex-ib-overlay wpex-absolute wpex-inset-0 wpex-transition-all wpex-duration-500\"><div class=\"vcex-ib-overlay-bg wpex-absolute wpex-inset-0 wpex-bg-black wpex-opacity-30\"><\/div><\/div><div class=\"vcex-ib-content-wrap wpex-w-100 wpex-transition-all wpex-duration-500 wpex-absolute wpex-inset-0 wpex-flex wpex-items-center wpex-p-30\"><div class=\"vcex-ib-content wpex-flex-grow wpex-mx-auto\"><\/div><\/div><\/div>[\/vc_column][vc_column width=\u00bb1\/4&#8243; offset=\u00bbvc_hidden-lg vc_hidden-md\u00bb]<div class=\"vcex-module vcex-image-banner wpex-flex wpex-flex-col wpex-w-100 wpex-justify-center wpex-relative wpex-overflow-hidden wpex-bg-gray-900 wpex-text-white wpex-hover-text-white wpex-text-center vcex-has-img-tag\"><img  src=\"http:\/\/xima.es\/wp-content\/uploads\/2024\/12\/IMG_4570-scaled.jpg\" class=\"vcex-ib-img wpex-block wpex-transition-all wpex-duration-500 wpex-block wpex-flex-grow wpex-h-100 wpex-w-100 wpex-object-cover\" alt=\"\"><div class=\"vcex-ib-overlay wpex-absolute wpex-inset-0 wpex-transition-all wpex-duration-500\"><div class=\"vcex-ib-overlay-bg wpex-absolute wpex-inset-0 wpex-bg-black wpex-opacity-30\"><\/div><\/div><div class=\"vcex-ib-content-wrap wpex-w-100 wpex-transition-all wpex-duration-500 wpex-absolute wpex-inset-0 wpex-flex wpex-items-center wpex-p-30\"><div class=\"vcex-ib-content wpex-flex-grow wpex-mx-auto\"><\/div><\/div><\/div>[\/vc_column][vc_column width=\u00bb1\/4&#8243; offset=\u00bbvc_hidden-lg vc_hidden-md\u00bb]<div class=\"vcex-module vcex-image-banner wpex-flex wpex-flex-col wpex-w-100 wpex-justify-center wpex-relative wpex-overflow-hidden wpex-bg-gray-900 wpex-text-white wpex-hover-text-white wpex-text-center vcex-has-img-tag\"><img  src=\"http:\/\/xima.es\/wp-content\/uploads\/2025\/03\/ROBOT-scaled.jpg\" class=\"vcex-ib-img wpex-block wpex-transition-all wpex-duration-500 wpex-block wpex-flex-grow wpex-h-100 wpex-w-100 wpex-object-cover\" alt=\"\"><div class=\"vcex-ib-overlay wpex-absolute wpex-inset-0 wpex-transition-all wpex-duration-500\"><div class=\"vcex-ib-overlay-bg wpex-absolute wpex-inset-0 wpex-bg-black wpex-opacity-30\"><\/div><\/div><div class=\"vcex-ib-content-wrap wpex-w-100 wpex-transition-all wpex-duration-500 wpex-absolute wpex-inset-0 wpex-flex wpex-items-center wpex-p-30\"><div class=\"vcex-ib-content wpex-flex-grow wpex-mx-auto\"><\/div><\/div><\/div>[\/vc_column][vc_column width=\u00bb1\/4&#8243; offset=\u00bbvc_hidden-lg vc_hidden-md\u00bb]<div class=\"vcex-module vcex-image-banner wpex-flex wpex-flex-col wpex-w-100 wpex-justify-center wpex-relative wpex-overflow-hidden wpex-bg-gray-900 wpex-text-white wpex-hover-text-white wpex-text-center vcex-has-img-tag\"><img  src=\"http:\/\/xima.es\/wp-content\/uploads\/2024\/09\/instalaciones-4.jpg\" class=\"vcex-ib-img wpex-block wpex-transition-all wpex-duration-500 wpex-block wpex-flex-grow wpex-h-100 wpex-w-100 wpex-object-cover\" alt=\"\"><div class=\"vcex-ib-overlay wpex-absolute wpex-inset-0 wpex-transition-all wpex-duration-500\"><div class=\"vcex-ib-overlay-bg wpex-absolute wpex-inset-0 wpex-bg-black wpex-opacity-30\"><\/div><\/div><div class=\"vcex-ib-content-wrap wpex-w-100 wpex-transition-all wpex-duration-500 wpex-absolute wpex-inset-0 wpex-flex wpex-items-center wpex-p-30\"><div class=\"vcex-ib-content wpex-flex-grow wpex-mx-auto\"><\/div><\/div><\/div>[\/vc_column][\/vc_row][vc_row full_width=\u00bbstretch_row_content_no_spaces\u00bb equal_height=\u00bbyes\u00bb remove_bottom_col_margin=\u00bbtrue\u00bb css=\u00bb.vc_custom_1724251986196{background-color: #f6f6f6 !important;}\u00bb][vc_column parallax=\u00bbcontent-moving\u00bb width=\u00bb1\/4&#8243; css=\u00bb.vc_custom_1749726651762{background-position: center !important;background-repeat: no-repeat !important;background-size: cover !important;}\u00bb offset=\u00bbvc_hidden-sm vc_hidden-xs\u00bb]<div class=\"vcex-module vcex-image-banner wpex-flex wpex-flex-col wpex-w-100 wpex-justify-center wpex-relative wpex-overflow-hidden wpex-bg-gray-900 wpex-text-white wpex-hover-text-white wpex-text-center vcex-has-img-tag\"><img  src=\"http:\/\/xima.es\/wp-content\/uploads\/2025\/03\/gra-scaled.jpg\" class=\"vcex-ib-img wpex-block wpex-transition-all wpex-duration-500 wpex-block wpex-flex-grow wpex-h-100 wpex-w-100 wpex-object-cover\" alt=\"\"><div class=\"vcex-ib-overlay wpex-absolute wpex-inset-0 wpex-transition-all wpex-duration-500\"><div class=\"vcex-ib-overlay-bg wpex-absolute wpex-inset-0 wpex-bg-black wpex-opacity-30\"><\/div><\/div><div class=\"vcex-ib-content-wrap wpex-w-100 wpex-transition-all wpex-duration-500 wpex-absolute wpex-inset-0 wpex-flex wpex-items-center wpex-p-30\"><div class=\"vcex-ib-content wpex-flex-grow wpex-mx-auto\"><\/div><\/div><\/div>[\/vc_column][vc_column width=\u00bb1\/4&#8243; offset=\u00bbvc_hidden-sm vc_hidden-xs\u00bb]<div class=\"vcex-module vcex-image-banner wpex-flex wpex-flex-col wpex-w-100 wpex-justify-center wpex-relative wpex-overflow-hidden wpex-bg-gray-900 wpex-text-white wpex-hover-text-white wpex-text-center vcex-has-img-tag\"><img  src=\"http:\/\/xima.es\/wp-content\/uploads\/2024\/12\/IMG_4570-scaled.jpg\" class=\"vcex-ib-img wpex-block wpex-transition-all wpex-duration-500 wpex-block wpex-flex-grow wpex-h-100 wpex-w-100 wpex-object-cover\" alt=\"\"><div class=\"vcex-ib-overlay wpex-absolute wpex-inset-0 wpex-transition-all wpex-duration-500\"><div class=\"vcex-ib-overlay-bg wpex-absolute wpex-inset-0 wpex-bg-black wpex-opacity-30\"><\/div><\/div><div class=\"vcex-ib-content-wrap wpex-w-100 wpex-transition-all wpex-duration-500 wpex-absolute wpex-inset-0 wpex-flex wpex-items-center wpex-p-30\"><div class=\"vcex-ib-content wpex-flex-grow wpex-mx-auto\"><\/div><\/div><\/div>[\/vc_column][vc_column width=\u00bb1\/4&#8243; offset=\u00bbvc_hidden-sm vc_hidden-xs\u00bb]<div class=\"vcex-module vcex-image-banner wpex-flex wpex-flex-col wpex-w-100 wpex-justify-center wpex-relative wpex-overflow-hidden wpex-bg-gray-900 wpex-text-white wpex-hover-text-white wpex-text-center vcex-has-img-tag\"><img  src=\"http:\/\/xima.es\/wp-content\/uploads\/2025\/03\/ROBOT-scaled.jpg\" class=\"vcex-ib-img wpex-block wpex-transition-all wpex-duration-500 wpex-block wpex-flex-grow wpex-h-100 wpex-w-100 wpex-object-cover\" alt=\"\"><div class=\"vcex-ib-overlay wpex-absolute wpex-inset-0 wpex-transition-all wpex-duration-500\"><div class=\"vcex-ib-overlay-bg wpex-absolute wpex-inset-0 wpex-bg-black wpex-opacity-30\"><\/div><\/div><div class=\"vcex-ib-content-wrap wpex-w-100 wpex-transition-all wpex-duration-500 wpex-absolute wpex-inset-0 wpex-flex wpex-items-center wpex-p-30\"><div class=\"vcex-ib-content wpex-flex-grow wpex-mx-auto\"><\/div><\/div><\/div>[\/vc_column][vc_column width=\u00bb1\/4&#8243; offset=\u00bbvc_hidden-sm vc_hidden-xs\u00bb]<div class=\"vcex-module vcex-image-banner wpex-flex wpex-flex-col wpex-w-100 wpex-justify-center wpex-relative wpex-overflow-hidden wpex-bg-gray-900 wpex-text-white wpex-hover-text-white wpex-text-center vcex-has-img-tag\"><img  src=\"http:\/\/xima.es\/wp-content\/uploads\/2024\/09\/instalaciones-4.jpg\" class=\"vcex-ib-img wpex-block wpex-transition-all wpex-duration-500 wpex-block wpex-flex-grow wpex-h-100 wpex-w-100 wpex-object-cover\" alt=\"\"><div class=\"vcex-ib-overlay wpex-absolute wpex-inset-0 wpex-transition-all wpex-duration-500\"><div class=\"vcex-ib-overlay-bg wpex-absolute wpex-inset-0 wpex-bg-black wpex-opacity-30\"><\/div><\/div><div class=\"vcex-ib-content-wrap wpex-w-100 wpex-transition-all wpex-duration-500 wpex-absolute wpex-inset-0 wpex-flex wpex-items-center wpex-p-30\"><div class=\"vcex-ib-content wpex-flex-grow wpex-mx-auto\"><\/div><\/div><\/div>[\/vc_column][\/vc_row][vc_row content_placement=\u00bbmiddle\u00bb gap=\u00bb30&#8243; remove_bottom_col_margin=\u00bbtrue\u00bb local_scroll_id=\u00bboverview\u00bb css=\u00bb.vc_custom_1745828185899{margin-top: 50px !important;margin-bottom: 40px !important;}\u00bb][vc_column][vc_column_text css=\u00bb\u00bb text_align=\u00bbcenter\u00bb width=\u00bb700px\u00bb font_size=\u00bb22px\u00bb]\n<h1><strong>Equipo de ultrasonidos\u00a0para preventivo de moldes<\/strong><\/h1>\n[\/vc_column_text]<div class=\"vcex-spacing wpex-w-100 wpex-clear\"><\/div>[vc_column_text css=\u00bb\u00bb text_align=\u00bbcenter\u00bb width=\u00bb700px\u00bb]\n<p style=\"text-align: center;\">Plasticos Xima dispone de un preventivo de moldes con un nuevo equipo de innovaci\u00f3n de ultrasonidos<\/p>\n<p style=\"text-align: center;\">En Pl\u00e1sticos Xima, el utillaje principal recibe un mantenimiento y cuidado de alto nivel gracias a un equipo de tecnolog\u00eda avanzada que utiliza ultrasonido (cavitaci\u00f3n) para eliminar cualquier residuo de suciedad y gases depositados durante el proceso de inyecci\u00f3n. Esta t\u00e9cnica garantiza una limpieza profunda que prolonga la vida \u00fatil de los moldes y mejora la calidad de las piezas de forma significativa.<\/p>\n[\/vc_column_text]<div class=\"vcex-spacing wpex-w-100 wpex-clear\" style=\"height:20px;\"><\/div>[\/vc_column][\/vc_row][\/vc_section][vc_row][vc_column width=\u00bb1\/3&#8243;]<figure class=\"vcex-image vcex-module\"><div class=\"vcex-image-inner wpex-relative wpex-inline-block\"><img width=\"1920\" height=\"2560\" src=\"http:\/\/xima.es\/wp-content\/uploads\/2025\/03\/Ultrasonidos1-scaled.jpg\" class=\"vcex-image-img wpex-align-middle\" alt=\"\" loading=\"lazy\" decoding=\"async\" srcset=\"http:\/\/xima.es\/wp-content\/uploads\/2025\/03\/Ultrasonidos1-scaled.jpg 1920w, http:\/\/xima.es\/wp-content\/uploads\/2025\/03\/Ultrasonidos1-225x300.jpg 225w, http:\/\/xima.es\/wp-content\/uploads\/2025\/03\/Ultrasonidos1-768x1024.jpg 768w, http:\/\/xima.es\/wp-content\/uploads\/2025\/03\/Ultrasonidos1-1152x1536.jpg 1152w, http:\/\/xima.es\/wp-content\/uploads\/2025\/03\/Ultrasonidos1-1536x2048.jpg 1536w\" sizes=\"auto, (max-width: 1920px) 100vw, 1920px\" \/><\/div><\/figure>[\/vc_column][vc_column width=\u00bb1\/3&#8243;]<figure class=\"vcex-image vcex-module\"><div class=\"vcex-image-inner wpex-relative wpex-inline-block\"><img width=\"1920\" height=\"2560\" src=\"http:\/\/xima.es\/wp-content\/uploads\/2025\/03\/Ultrasonidos-2-scaled.jpg\" class=\"vcex-image-img wpex-align-middle\" alt=\"\" loading=\"lazy\" decoding=\"async\" srcset=\"http:\/\/xima.es\/wp-content\/uploads\/2025\/03\/Ultrasonidos-2-scaled.jpg 1920w, http:\/\/xima.es\/wp-content\/uploads\/2025\/03\/Ultrasonidos-2-225x300.jpg 225w, http:\/\/xima.es\/wp-content\/uploads\/2025\/03\/Ultrasonidos-2-768x1024.jpg 768w, http:\/\/xima.es\/wp-content\/uploads\/2025\/03\/Ultrasonidos-2-1152x1536.jpg 1152w, http:\/\/xima.es\/wp-content\/uploads\/2025\/03\/Ultrasonidos-2-1536x2048.jpg 1536w\" sizes=\"auto, (max-width: 1920px) 100vw, 1920px\" \/><\/div><\/figure>[\/vc_column][vc_column width=\u00bb1\/3&#8243;]<figure class=\"vcex-image vcex-module\"><div class=\"vcex-image-inner wpex-relative wpex-inline-block\"><img width=\"1920\" height=\"2560\" src=\"http:\/\/xima.es\/wp-content\/uploads\/2025\/03\/Ultrasonidos-3-scaled.jpg\" class=\"vcex-image-img wpex-align-middle\" alt=\"\" loading=\"lazy\" decoding=\"async\" srcset=\"http:\/\/xima.es\/wp-content\/uploads\/2025\/03\/Ultrasonidos-3-scaled.jpg 1920w, http:\/\/xima.es\/wp-content\/uploads\/2025\/03\/Ultrasonidos-3-225x300.jpg 225w, http:\/\/xima.es\/wp-content\/uploads\/2025\/03\/Ultrasonidos-3-768x1024.jpg 768w, http:\/\/xima.es\/wp-content\/uploads\/2025\/03\/Ultrasonidos-3-1152x1536.jpg 1152w, http:\/\/xima.es\/wp-content\/uploads\/2025\/03\/Ultrasonidos-3-1536x2048.jpg 1536w\" sizes=\"auto, (max-width: 1920px) 100vw, 1920px\" \/><\/div><\/figure>[\/vc_column][\/vc_row]\n<\/div>","protected":false},"excerpt":{"rendered":"<p>[vc_section full_width=\u00bbstretch_row\u00bb css=\u00bb.vc_custom_1725485085507{background-color: #ffffff !important;border-color: #ffffff !important;}\u00bb][vc_row full_width=\u00bbstretch_row\u00bb content_placement=\u00bbmiddle\u00bb remove_bottom_col_margin=\u00bbtrue\u00bb wpex_fixed_bg=\u00bbfixed\u00bb wpex_bg_overlay=\u00bbdark\u00bb css=\u00bb.vc_custom_1724420416640{padding-top: 30px !important;padding-bottom: 30px !important;background-image: url(http:\/\/xima.es\/wp-content\/uploads\/2024\/08\/somos-scaled.jpg?id=406) !important;background-position: center !important;background-repeat: no-repeat !important;background-size: cover !important;}\u00bb wpex_bg_overlay_opacity=\u00bb60%\u00bb min_height=\u00bb300px\u00bb][vc_column][vc_column_text css=\u00bb\u00bb text_align=\u00bbcenter\u00bb color=\u00bb#ffffff\u00bb font_size=\u00bb20px\u00bb]PL\u00c1STICOS XIMA[\/vc_column_text][\/vc_column][\/vc_row][vc_row content_placement=\u00bbmiddle\u00bb gap=\u00bb30&#8243; remove_bottom_col_margin=\u00bbtrue\u00bb center_row=\u00bbyes\u00bb local_scroll_id=\u00bboverview\u00bb css=\u00bb.vc_custom_1724420715659{margin-top: 50px !important;}\u00bb][vc_column width=\u00bb1\/2&#8243;][vc_column_text css=\u00bb\u00bb font_size=\u00bb1.2em\u00bb] A\u00f1adimos perif\u00e9ricos a nuestra maquinaria para que el proceso de inyecci\u00f3n sea&hellip;<\/p>\n","protected":false},"author":1,"featured_media":0,"parent":0,"menu_order":0,"comment_status":"closed","ping_status":"closed","template":"","meta":{"footnotes":""},"class_list":["post-547","page","type-page","status-publish","hentry","entry","no-media"],"_links":{"self":[{"href":"http:\/\/xima.es\/index.php\/wp-json\/wp\/v2\/pages\/547","targetHints":{"allow":["GET"]}}],"collection":[{"href":"http:\/\/xima.es\/index.php\/wp-json\/wp\/v2\/pages"}],"about":[{"href":"http:\/\/xima.es\/index.php\/wp-json\/wp\/v2\/types\/page"}],"author":[{"embeddable":true,"href":"http:\/\/xima.es\/index.php\/wp-json\/wp\/v2\/users\/1"}],"replies":[{"embeddable":true,"href":"http:\/\/xima.es\/index.php\/wp-json\/wp\/v2\/comments?post=547"}],"version-history":[{"count":18,"href":"http:\/\/xima.es\/index.php\/wp-json\/wp\/v2\/pages\/547\/revisions"}],"predecessor-version":[{"id":865,"href":"http:\/\/xima.es\/index.php\/wp-json\/wp\/v2\/pages\/547\/revisions\/865"}],"wp:attachment":[{"href":"http:\/\/xima.es\/index.php\/wp-json\/wp\/v2\/media?parent=547"}],"curies":[{"name":"wp","href":"https:\/\/api.w.org\/{rel}","templated":true}]}}