{"id":566,"date":"2024-09-04T08:42:27","date_gmt":"2024-09-04T08:42:27","guid":{"rendered":"http:\/\/xima.es\/?page_id=566"},"modified":"2025-05-06T14:37:11","modified_gmt":"2025-05-06T14:37:11","slug":"servicios_xima_platicos","status":"publish","type":"page","link":"http:\/\/xima.es\/index.php\/servicios_xima_platicos\/","title":{"rendered":"Servicios"},"content":{"rendered":"<div class=\"wpb-content-wrapper\">[vc_section full_width=\u00bbstretch_row\u00bb css=\u00bb.vc_custom_1725443038173{background-color: #ffffff !important;border-color: #ffffff !important;}\u00bb][vc_row full_width=\u00bbstretch_row\u00bb content_placement=\u00bbmiddle\u00bb remove_bottom_col_margin=\u00bbtrue\u00bb wpex_fixed_bg=\u00bbfixed\u00bb wpex_bg_overlay=\u00bbdark\u00bb css=\u00bb.vc_custom_1724420416640{padding-top: 30px !important;padding-bottom: 30px !important;background-image: url(http:\/\/xima.es\/wp-content\/uploads\/2024\/08\/somos-scaled.jpg?id=406) !important;background-position: center !important;background-repeat: no-repeat !important;background-size: cover !important;}\u00bb wpex_bg_overlay_opacity=\u00bb60%\u00bb min_height=\u00bb300px\u00bb][vc_column]<style>.vcex-heading.vcex_69f447f820714{color:#ffffff;font-size:50px;line-height:1.2;}@media (max-width:959px){.vcex-heading.vcex_69f447f820714{font-size:40px;}}@media (max-width:479px){.vcex-heading.vcex_69f447f820714{font-size:35px;}}<\/style><div class=\"vcex-heading vcex-heading-plain vcex-module wpex-heading wpex-text-2xl wpex-mb-15 wpex-text-center vcex_69f447f820714\"><span class=\"vcex-heading-inner wpex-inline-block\">NUESTRO VALOR A\u00d1ADIDO<\/span><\/div>[vc_column_text css=\u00bb\u00bb text_align=\u00bbcenter\u00bb color=\u00bb#ffffff\u00bb font_size=\u00bb20px\u00bb]\n<div class=\"wpb_text_column has-custom-color wpex-child-inherit-color wpb_content_element\">\n<div class=\"wpb_wrapper\">\n<p>\u00a0PL\u00c1STICOS XIMA<\/p><\/div>\n<\/div>\n[\/vc_column_text]<div class=\"vcex-spacing wpex-w-100 wpex-clear\" style=\"height:10px;\"><\/div>[\/vc_column][\/vc_row][vc_row content_placement=\u00bbmiddle\u00bb gap=\u00bb30&#8243; remove_bottom_col_margin=\u00bbtrue\u00bb center_row=\u00bbyes\u00bb local_scroll_id=\u00bboverview\u00bb css=\u00bb.vc_custom_1725435716016{margin-top: 50px !important;margin-bottom: 50px !important;}\u00bb][vc_column width=\u00bb1\/2&#8243;]<div class=\"vcex-spacing wpex-w-100 wpex-clear\"><\/div><style>.vcex-heading.vcex_69f447f82143f{width:600px;font-size:42px;}<\/style><div class=\"vcex-heading vcex-heading-plain vcex-module wpex-heading wpex-text-2xl wpex-mb-25 wpex-text-center wpex-max-w-100 wpex-mx-auto vcex_69f447f82143f\"><span class=\"vcex-heading-inner wpex-inline-block\">Servicios<\/span><\/div>[vc_column_text css=\u00bb\u00bb text_align=\u00bbcenter\u00bb font_size=\u00bb1.2em\u00bb width=\u00bb350px\u00bb]Pl\u00e1sticos Xima fabrica bajo un estricto control de calidad y cuenta con los medios adecuados para conseguir la calidad exigida por el cliente.[\/vc_column_text][\/vc_column][vc_column width=\u00bb1\/2&#8243;][vc_column_text css=\u00bb\u00bb text_align=\u00bbcenter\u00bb width=\u00bb700px\u00bb]\n<p style=\"text-align: left;\">Pl\u00e1sticos Xima tiene como estrategia entender al cliente y adaptarse a sus peticiones a trav\u00e9s de un trato directo y una gran implicaci\u00f3n de toda la plantilla. \u00a0La experiencia de la empresa y su tecnolog\u00eda puntera se pone al servicio del cliente. Se realiza un acompa\u00f1amiento especializado y personalizado.<\/p>\n<p style=\"text-align: left;\">Disponemos de todos los medios necesarios para garantizar la calidad de cada pieza, m\u00e1quinas de inyecci\u00f3n de \u00faltima generaci\u00f3n y todo tipo de perif\u00e9ricos de alta calidad.<\/p>\n[\/vc_column_text][\/vc_column][\/vc_row][vc_row full_width=\u00bbstretch_row_content\u00bb content_placement=\u00bbtop\u00bb column_spacing=\u00bb20&#8243; gap=\u00bb35&#8243; columns_right=\u00bbyes\u00bb css=\u00bb.vc_custom_1733263824200{padding-top: 20px !important;padding-bottom: 20px !important;background-color: #04283a !important;border-color: #04283a !important;}\u00bb][vc_column width=\u00bb1\/3&#8243;]<style>.vcex-image.vcex_69f447f821bb7 .vcex-image-img{border-radius:var(--wpex-rounded);}<\/style><figure class=\"vcex-image vcex-module wpex-mb-20 textcenter vcex_69f447f821bb7\"><div class=\"vcex-image-inner wpex-relative wpex-inline-block\"><img data-no-lazy=\"1\" class=\"vcex-image-img wpex-align-middle skip-lazy\" src=\"http:\/\/xima.es\/wp-content\/uploads\/2025\/03\/mapa-1536x1536-1-300x300.jpg\" alt=\"\" srcset=\"http:\/\/xima.es\/wp-content\/uploads\/2025\/03\/mapa-1536x1536-1-300x300.jpg 300w, http:\/\/xima.es\/wp-content\/uploads\/2025\/03\/mapa-1536x1536-1-1024x1024.jpg 1024w, http:\/\/xima.es\/wp-content\/uploads\/2025\/03\/mapa-1536x1536-1-150x150.jpg 150w, http:\/\/xima.es\/wp-content\/uploads\/2025\/03\/mapa-1536x1536-1-768x768.jpg 768w, http:\/\/xima.es\/wp-content\/uploads\/2025\/03\/mapa-1536x1536-1-300x300@2x.jpg 600w, http:\/\/xima.es\/wp-content\/uploads\/2025\/03\/mapa-1536x1536-1.jpg 1536w, http:\/\/xima.es\/wp-content\/uploads\/2025\/03\/mapa-1536x1536-1-300x300@2x.jpg 2x\" width=\"300\" height=\"300\"><\/div><\/figure><div class=\"vcex-spacing wpex-w-100 wpex-clear\" style=\"height:20px;\"><\/div><style>.vcex-heading.vcex_69f447f823172{width:600px;color:#ffffff;font-size:30px;}<\/style><div class=\"vcex-heading vcex-heading-plain vcex-module wpex-heading wpex-text-2xl wpex-mb-5 wpex-text-center wpex-max-w-100 wpex-mx-auto vcex_69f447f823172\"><span class=\"vcex-heading-inner wpex-inline-block\">Taller de mantenimiento<\/span><\/div><div class=\"vcex-spacing wpex-w-100 wpex-clear\" style=\"height:20px;\"><\/div>[vc_column_text css=\u00bb\u00bb color=\u00bb#ffffff\u00bb]\n<p style=\"text-align: left;\">Pl\u00e1sticos Xima cuenta desde 2016 con un taller de mantenimiento propio que da soluciones r\u00e1pidas a los problemas que pudiesen surgir en el proceso de inyecci\u00f3n. Este servicio de mantenimiento evita demoras en la producci\u00f3n por reparaciones externalizadas y, por tanto, facilita el servicio al cliente.<\/p>\n<p style=\"text-align: left;\">El taller est\u00e1 equipado con fresadora, centro de\u00a0mecanizado, torno, erosi\u00f3n de penetraci\u00f3n, m\u00e1quina de\u00a0hilo, rectificadora, soldadora y taladro vertical.<\/p>\n[\/vc_column_text][\/vc_column][vc_column width=\u00bb1\/3&#8243;]<style>.vcex-image.vcex_69f447f8238e6 .vcex-image-img{border-radius:var(--wpex-rounded);}<\/style><figure class=\"vcex-image vcex-module wpex-mb-20 textcenter vcex_69f447f8238e6\"><div class=\"vcex-image-inner wpex-relative wpex-inline-block\"><img data-no-lazy=\"1\" class=\"vcex-image-img wpex-align-middle skip-lazy\" src=\"http:\/\/xima.es\/wp-content\/uploads\/2024\/12\/mapa-scaled-300x300.jpg\" alt=\"\" srcset=\"http:\/\/xima.es\/wp-content\/uploads\/2024\/12\/mapa-scaled-300x300.jpg 300w, http:\/\/xima.es\/wp-content\/uploads\/2024\/12\/mapa-1024x1024.jpg 1024w, http:\/\/xima.es\/wp-content\/uploads\/2024\/12\/mapa-150x150.jpg 150w, http:\/\/xima.es\/wp-content\/uploads\/2024\/12\/mapa-768x768.jpg 768w, http:\/\/xima.es\/wp-content\/uploads\/2024\/12\/mapa-1536x1536.jpg 1536w, http:\/\/xima.es\/wp-content\/uploads\/2024\/12\/mapa-2048x2048.jpg 2048w, http:\/\/xima.es\/wp-content\/uploads\/2024\/12\/mapa-scaled-300x300@2x.jpg 600w, http:\/\/xima.es\/wp-content\/uploads\/2024\/12\/mapa-scaled-300x300@2x.jpg 2x\" width=\"300\" height=\"300\"><\/div><\/figure><div class=\"vcex-spacing wpex-w-100 wpex-clear\" style=\"height:20px;\"><\/div><style>.vcex-heading.vcex_69f447f824f1d{width:600px;color:#ffffff;font-size:30px;}<\/style><div class=\"vcex-heading vcex-heading-plain vcex-module wpex-heading wpex-text-2xl wpex-mb-5 wpex-text-center wpex-max-w-100 wpex-mx-auto vcex_69f447f824f1d\"><span class=\"vcex-heading-inner wpex-inline-block\">Oficina t\u00e9cnica<\/span><\/div><div class=\"vcex-spacing wpex-w-100 wpex-clear\" style=\"height:20px;\"><\/div>[vc_column_text css=\u00bb\u00bb color=\u00bb#ffffff\u00bb]Proporcionamos soporte t\u00e9cnico, bajo petici\u00f3n del cliente,\u00a0desde el dise\u00f1o de la pieza, hasta la fabricaci\u00f3n del\u00a0molde.<\/p>\n<p>En ocasiones, el cliente quiere una pieza de pl\u00e1stico y desconoce c\u00f3mo dise\u00f1arla para que encaje en su proceso. El equipo de Pl\u00e1sticos Xima le aconseja tanto sobre el dise\u00f1o de la pieza como sobre los materiales m\u00e1s adecuados para su fabricaci\u00f3n.[\/vc_column_text][\/vc_column][vc_column width=\u00bb1\/3&#8243;]<style>.vcex-image.vcex_69f447f82593d .vcex-image-img{border-radius:var(--wpex-rounded);}<\/style><figure class=\"vcex-image vcex-module wpex-mb-20 textcenter vcex_69f447f82593d\"><div class=\"vcex-image-inner wpex-relative wpex-inline-block\"><img data-no-lazy=\"1\" class=\"vcex-image-img wpex-align-middle skip-lazy\" src=\"http:\/\/xima.es\/wp-content\/uploads\/2024\/12\/Montaje-1-scaled-300x300.jpg\" alt=\"\" srcset=\"http:\/\/xima.es\/wp-content\/uploads\/2024\/12\/Montaje-1-scaled-300x300.jpg 300w, http:\/\/xima.es\/wp-content\/uploads\/2024\/12\/Montaje-1-1024x1024.jpg 1024w, http:\/\/xima.es\/wp-content\/uploads\/2024\/12\/Montaje-1-150x150.jpg 150w, http:\/\/xima.es\/wp-content\/uploads\/2024\/12\/Montaje-1-768x768.jpg 768w, http:\/\/xima.es\/wp-content\/uploads\/2024\/12\/Montaje-1-1536x1536.jpg 1536w, http:\/\/xima.es\/wp-content\/uploads\/2024\/12\/Montaje-1-2048x2048.jpg 2048w, http:\/\/xima.es\/wp-content\/uploads\/2024\/12\/Montaje-1-scaled-300x300@2x.jpg 600w, http:\/\/xima.es\/wp-content\/uploads\/2024\/12\/Montaje-1-scaled-300x300@2x.jpg 2x\" width=\"300\" height=\"300\"><\/div><\/figure><div class=\"vcex-spacing wpex-w-100 wpex-clear\" style=\"height:20px;\"><\/div><style>.vcex-heading.vcex_69f447f826eb4{width:600px;color:#ffffff;font-size:30px;}<\/style><div class=\"vcex-heading vcex-heading-plain vcex-module wpex-heading wpex-text-2xl wpex-mb-5 wpex-text-center wpex-max-w-100 wpex-mx-auto vcex_69f447f826eb4\"><span class=\"vcex-heading-inner wpex-inline-block\">Oficina de montaje<\/span><\/div><div class=\"vcex-spacing wpex-w-100 wpex-clear\" style=\"height:20px;\"><\/div>[vc_column_text css=\u00bb\u00bb color=\u00bb#ffffff\u00bb]A\u00f1adimos componentes a las piezas que as\u00ed lo requieran\u00a0ya que disponemos de una Oficina de Montaje con\u00a0puestos de fabricaci\u00f3n de subconjuntos y retrabajos.[\/vc_column_text][\/vc_column][\/vc_row][vc_row full_width=\u00bbstretch_row_content\u00bb content_placement=\u00bbmiddle\u00bb column_spacing=\u00bb20&#8243; gap=\u00bb35&#8243; columns_right=\u00bbyes\u00bb css=\u00bb.vc_custom_1733299196426{padding-top: 50px !important;background-position: center !important;background-repeat: no-repeat !important;background-size: cover !important;}\u00bb][vc_column width=\u00bb1\/3&#8243;]<div class=\"vcex-spacing wpex-w-100 wpex-clear\" style=\"height:20px;\"><\/div>[\/vc_column][vc_column width=\u00bb1\/3&#8243;]<style>.vcex-heading.vcex_69f447f827bfb{width:300px;color:#04283a;font-size:30px;}<\/style><div class=\"vcex-heading vcex-heading-plain vcex-module wpex-heading wpex-text-2xl wpex-mb-0 wpex-text-center wpex-max-w-100 wpex-mx-auto vcex_69f447f827bfb\"><span class=\"vcex-heading-inner wpex-inline-block\">PRINCIPALES \u00c1REAS<\/span><\/div><div class=\"vcex-spacing wpex-w-100 wpex-clear\" style=\"height:20px;\"><\/div>[\/vc_column][vc_column width=\u00bb1\/3&#8243;]<div class=\"vcex-spacing wpex-w-100 wpex-clear\" style=\"height:20px;\"><\/div>[\/vc_column][\/vc_row][vc_row css=\u00bb.vc_custom_1733304931728{background-position: center !important;background-repeat: no-repeat !important;background-size: cover !important;}\u00bb][vc_column width=\u00bb1\/3&#8243;]<div class=\"vcex-module vcex-icon-box vcex-icon-box-two wpex-block wpex-text-center\"><div class=\"vcex-icon-box-symbol wpex-mb-20\"><img loading=\"lazy\" class=\"vcex-icon-box-image wpex-align-middle\" style=\"width:70px;\" decoding=\"async\" src=\"http:\/\/xima.es\/wp-content\/uploads\/2024\/12\/V1-70x81.png\" alt=\"\" srcset=\"http:\/\/xima.es\/wp-content\/uploads\/2024\/12\/V1-70x81.png 70w, http:\/\/xima.es\/wp-content\/uploads\/2024\/12\/V1-258x300.png 258w, http:\/\/xima.es\/wp-content\/uploads\/2024\/12\/V1-70x81@2x.png 140w, http:\/\/xima.es\/wp-content\/uploads\/2024\/12\/V1.png 675w, http:\/\/xima.es\/wp-content\/uploads\/2024\/12\/V1-70x81@2x.png 2x\" width=\"70\" height=\"81\"><\/div><div class=\"vcex-icon-box-text\"><h3 class=\"vcex-icon-box-heading wpex-heading wpex-mb-10\" style=\"color:#04283a;--wpex-hover-heading-link-color:#04283a;font-size:1.4em;\">Vending<\/h3><\/div><\/div><div class=\"vcex-spacing wpex-w-100 wpex-clear\" style=\"height:40px;\"><\/div><div class=\"vcex-module vcex-icon-box vcex-icon-box-two wpex-block wpex-text-center\"><div class=\"vcex-icon-box-symbol wpex-mb-20\"><img loading=\"lazy\" class=\"vcex-icon-box-image wpex-align-middle\" style=\"width:70px;\" decoding=\"async\" src=\"http:\/\/xima.es\/wp-content\/uploads\/2024\/12\/s1-1-70x82.png\" alt=\"\" srcset=\"http:\/\/xima.es\/wp-content\/uploads\/2024\/12\/s1-1-70x82.png 70w, http:\/\/xima.es\/wp-content\/uploads\/2024\/12\/s1-1-257x300.png 257w, http:\/\/xima.es\/wp-content\/uploads\/2024\/12\/s1-1-70x82@2x.png 140w, http:\/\/xima.es\/wp-content\/uploads\/2024\/12\/s1-1.png 675w, http:\/\/xima.es\/wp-content\/uploads\/2024\/12\/s1-1-70x82@2x.png 2x\" width=\"70\" height=\"82\"><\/div><div class=\"vcex-icon-box-text\"><h3 class=\"vcex-icon-box-heading wpex-heading wpex-mb-10\" style=\"color:#04283a;--wpex-hover-heading-link-color:#04283a;font-size:1.4em;\">Supermecado<\/h3><div class=\"vcex-icon-box-content wpex-last-mb-0 wpex-clr\" style=\"color:#ffffff;\"><p>&nbsp;<\/p>\n<p>&nbsp;<\/p>\n<\/div><\/div><\/div>[\/vc_column][vc_column width=\u00bb1\/3&#8243;]<div class=\"vcex-module vcex-icon-box vcex-icon-box-two wpex-block wpex-text-center\"><div class=\"vcex-icon-box-symbol wpex-mb-20\"><img loading=\"lazy\" class=\"vcex-icon-box-image wpex-align-middle\" style=\"width:70px;\" decoding=\"async\" src=\"http:\/\/xima.es\/wp-content\/uploads\/2024\/12\/E1-70x77.png\" alt=\"\" srcset=\"http:\/\/xima.es\/wp-content\/uploads\/2024\/12\/E1-70x77.png 70w, http:\/\/xima.es\/wp-content\/uploads\/2024\/12\/E1-272x300.png 272w, http:\/\/xima.es\/wp-content\/uploads\/2024\/12\/E1-70x77@2x.png 140w, http:\/\/xima.es\/wp-content\/uploads\/2024\/12\/E1.png 710w, http:\/\/xima.es\/wp-content\/uploads\/2024\/12\/E1-70x77@2x.png 2x\" width=\"70\" height=\"77\"><\/div><div class=\"vcex-icon-box-text\"><h3 class=\"vcex-icon-box-heading wpex-heading wpex-mb-10\" style=\"color:#04283a;--wpex-hover-heading-link-color:#04283a;font-size:1.4em;\">El\u00e9ctrico<\/h3><\/div><\/div><div class=\"vcex-spacing wpex-w-100 wpex-clear\" style=\"height:40px;\"><\/div><div class=\"vcex-module vcex-icon-box vcex-icon-box-two wpex-block wpex-text-center\"><div class=\"vcex-icon-box-symbol wpex-mb-20\"><img loading=\"lazy\" class=\"vcex-icon-box-image wpex-align-middle\" style=\"width:70px;\" decoding=\"async\" src=\"http:\/\/xima.es\/wp-content\/uploads\/2024\/12\/l1-70x80.png\" alt=\"\" srcset=\"http:\/\/xima.es\/wp-content\/uploads\/2024\/12\/l1-70x80.png 70w, http:\/\/xima.es\/wp-content\/uploads\/2024\/12\/l1-261x300.png 261w, http:\/\/xima.es\/wp-content\/uploads\/2024\/12\/l1-70x80@2x.png 140w, http:\/\/xima.es\/wp-content\/uploads\/2024\/12\/l1.png 675w, http:\/\/xima.es\/wp-content\/uploads\/2024\/12\/l1-70x80@2x.png 2x\" width=\"70\" height=\"80\"><\/div><div class=\"vcex-icon-box-text\"><h3 class=\"vcex-icon-box-heading wpex-heading wpex-mb-10\" style=\"color:#04283a;--wpex-hover-heading-link-color:#04283a;font-size:1.4em;\">Electrodom\u00e9sticos<\/h3><div class=\"vcex-icon-box-content wpex-last-mb-0 wpex-clr\" style=\"color:#ffffff;\"><p>&nbsp;<\/p>\n<p>&nbsp;<\/p>\n<\/div><\/div><\/div>[\/vc_column][vc_column width=\u00bb1\/3&#8243;]<div class=\"vcex-module vcex-icon-box vcex-icon-box-two wpex-block wpex-text-center\"><div class=\"vcex-icon-box-symbol wpex-mb-20\"><img loading=\"lazy\" class=\"vcex-icon-box-image wpex-align-middle\" style=\"width:70px;\" decoding=\"async\" src=\"http:\/\/xima.es\/wp-content\/uploads\/2024\/12\/ar-70x81.png\" alt=\"\" srcset=\"http:\/\/xima.es\/wp-content\/uploads\/2024\/12\/ar-70x81.png 70w, http:\/\/xima.es\/wp-content\/uploads\/2024\/12\/ar-261x300.png 261w, http:\/\/xima.es\/wp-content\/uploads\/2024\/12\/ar-70x81@2x.png 140w, http:\/\/xima.es\/wp-content\/uploads\/2024\/12\/ar.png 675w, http:\/\/xima.es\/wp-content\/uploads\/2024\/12\/ar-70x81@2x.png 2x\" width=\"70\" height=\"81\"><\/div><div class=\"vcex-icon-box-text\"><h3 class=\"vcex-icon-box-heading wpex-heading wpex-mb-10\" style=\"color:#04283a;--wpex-hover-heading-link-color:#04283a;font-size:1.4em;\">Mobiliario<\/h3><\/div><\/div><div class=\"vcex-spacing wpex-w-100 wpex-clear\" style=\"height:40px;\"><\/div><div class=\"vcex-module vcex-icon-box vcex-icon-box-two wpex-block wpex-text-center\"><div class=\"vcex-icon-box-symbol wpex-mb-20\"><img loading=\"lazy\" class=\"vcex-icon-box-image wpex-align-middle\" style=\"width:70px;\" decoding=\"async\" src=\"http:\/\/xima.es\/wp-content\/uploads\/2024\/12\/c1-70x73.png\" alt=\"\" srcset=\"http:\/\/xima.es\/wp-content\/uploads\/2024\/12\/c1-70x73.png 70w, http:\/\/xima.es\/wp-content\/uploads\/2024\/12\/c1-289x300.png 289w, http:\/\/xima.es\/wp-content\/uploads\/2024\/12\/c1-70x73@2x.png 140w, http:\/\/xima.es\/wp-content\/uploads\/2024\/12\/c1.png 747w, http:\/\/xima.es\/wp-content\/uploads\/2024\/12\/c1-70x73@2x.png 2x\" width=\"70\" height=\"73\"><\/div><div class=\"vcex-icon-box-text\"><h3 class=\"vcex-icon-box-heading wpex-heading wpex-mb-10\" style=\"color:#04283a;--wpex-hover-heading-link-color:#04283a;font-size:1.4em;\">Automoci\u00f3n<\/h3><div class=\"vcex-icon-box-content wpex-last-mb-0 wpex-clr\" style=\"color:#ffffff;\"><p>&nbsp;<\/p>\n<p>&nbsp;<\/p>\n<\/div><\/div><\/div>[\/vc_column][\/vc_row][\/vc_section]\n<\/div>","protected":false},"excerpt":{"rendered":"<p>[vc_section full_width=\u00bbstretch_row\u00bb css=\u00bb.vc_custom_1725443038173{background-color: #ffffff !important;border-color: #ffffff !important;}\u00bb][vc_row full_width=\u00bbstretch_row\u00bb content_placement=\u00bbmiddle\u00bb remove_bottom_col_margin=\u00bbtrue\u00bb wpex_fixed_bg=\u00bbfixed\u00bb wpex_bg_overlay=\u00bbdark\u00bb css=\u00bb.vc_custom_1724420416640{padding-top: 30px !important;padding-bottom: 30px !important;background-image: url(http:\/\/xima.es\/wp-content\/uploads\/2024\/08\/somos-scaled.jpg?id=406) !important;background-position: center !important;background-repeat: no-repeat !important;background-size: cover !important;}\u00bb wpex_bg_overlay_opacity=\u00bb60%\u00bb min_height=\u00bb300px\u00bb][vc_column][vc_column_text css=\u00bb\u00bb text_align=\u00bbcenter\u00bb color=\u00bb#ffffff\u00bb font_size=\u00bb20px\u00bb] \u00a0PL\u00c1STICOS XIMA [\/vc_column_text][\/vc_column][\/vc_row][vc_row content_placement=\u00bbmiddle\u00bb gap=\u00bb30&#8243; remove_bottom_col_margin=\u00bbtrue\u00bb center_row=\u00bbyes\u00bb local_scroll_id=\u00bboverview\u00bb css=\u00bb.vc_custom_1725435716016{margin-top: 50px !important;margin-bottom: 50px !important;}\u00bb][vc_column width=\u00bb1\/2&#8243;][vc_column_text css=\u00bb\u00bb text_align=\u00bbcenter\u00bb font_size=\u00bb1.2em\u00bb width=\u00bb350px\u00bb]Pl\u00e1sticos Xima fabrica bajo un estricto control&hellip;<\/p>\n","protected":false},"author":1,"featured_media":0,"parent":0,"menu_order":0,"comment_status":"closed","ping_status":"closed","template":"","meta":{"footnotes":""},"class_list":["post-566","page","type-page","status-publish","hentry","entry","no-media"],"_links":{"self":[{"href":"http:\/\/xima.es\/index.php\/wp-json\/wp\/v2\/pages\/566","targetHints":{"allow":["GET"]}}],"collection":[{"href":"http:\/\/xima.es\/index.php\/wp-json\/wp\/v2\/pages"}],"about":[{"href":"http:\/\/xima.es\/index.php\/wp-json\/wp\/v2\/types\/page"}],"author":[{"embeddable":true,"href":"http:\/\/xima.es\/index.php\/wp-json\/wp\/v2\/users\/1"}],"replies":[{"embeddable":true,"href":"http:\/\/xima.es\/index.php\/wp-json\/wp\/v2\/comments?post=566"}],"version-history":[{"count":19,"href":"http:\/\/xima.es\/index.php\/wp-json\/wp\/v2\/pages\/566\/revisions"}],"predecessor-version":[{"id":583,"href":"http:\/\/xima.es\/index.php\/wp-json\/wp\/v2\/pages\/566\/revisions\/583"}],"wp:attachment":[{"href":"http:\/\/xima.es\/index.php\/wp-json\/wp\/v2\/media?parent=566"}],"curies":[{"name":"wp","href":"https:\/\/api.w.org\/{rel}","templated":true}]}}