{"id":619,"date":"2024-09-04T21:36:25","date_gmt":"2024-09-04T21:36:25","guid":{"rendered":"http:\/\/xima.es\/?page_id=619"},"modified":"2025-04-30T08:25:59","modified_gmt":"2025-04-30T08:25:59","slug":"calidad","status":"publish","type":"page","link":"http:\/\/xima.es\/index.php\/calidad\/","title":{"rendered":"Calidad"},"content":{"rendered":"<div class=\"wpb-content-wrapper\">[vc_section full_width=\u00bbstretch_row\u00bb css=\u00bb.vc_custom_1725441478733{background-color: #ffffff !important;border-color: #ffffff !important;}\u00bb][vc_row full_width=\u00bbstretch_row\u00bb content_placement=\u00bbmiddle\u00bb remove_bottom_col_margin=\u00bbtrue\u00bb wpex_fixed_bg=\u00bbfixed\u00bb wpex_bg_overlay=\u00bbdark\u00bb css=\u00bb.vc_custom_1724420416640{padding-top: 30px !important;padding-bottom: 30px !important;background-image: url(http:\/\/xima.es\/wp-content\/uploads\/2024\/08\/somos-scaled.jpg?id=406) !important;background-position: center !important;background-repeat: no-repeat !important;background-size: cover !important;}\u00bb wpex_bg_overlay_opacity=\u00bb60%\u00bb min_height=\u00bb300px\u00bb][vc_column]<style>.vcex-heading.vcex_69f44818063b1{color:#ffffff;font-size:50px;line-height:1.2;}@media (max-width:959px){.vcex-heading.vcex_69f44818063b1{font-size:40px;}}@media (max-width:479px){.vcex-heading.vcex_69f44818063b1{font-size:35px;}}<\/style><div class=\"vcex-heading vcex-heading-plain vcex-module wpex-heading wpex-text-2xl wpex-mb-15 wpex-text-center vcex_69f44818063b1\"><span class=\"vcex-heading-inner wpex-inline-block\">CALIDAD<\/span><\/div>[vc_column_text css=\u00bb\u00bb text_align=\u00bbcenter\u00bb color=\u00bb#ffffff\u00bb font_size=\u00bb20px\u00bb]PL\u00c1STICOS XIMA[\/vc_column_text][\/vc_column][\/vc_row][vc_row content_placement=\u00bbmiddle\u00bb gap=\u00bb30&#8243; remove_bottom_col_margin=\u00bbtrue\u00bb center_row=\u00bbyes\u00bb local_scroll_id=\u00bboverview\u00bb css=\u00bb.vc_custom_1733261982691{margin-top: 50px !important;margin-bottom: 50px !important;}\u00bb][vc_column width=\u00bb1\/2&#8243;]<div class=\"vcex-spacing wpex-w-100 wpex-clear\"><\/div><style>.vcex-image.vcex_69f4481807159 .vcex-image-img{border-radius:var(--wpex-rounded);object-position:center center;}<\/style><figure class=\"vcex-image vcex-module textcenter vcex_69f4481807159\"><div class=\"vcex-image-inner wpex-relative wpex-inline-block\"><img width=\"601\" height=\"601\" src=\"http:\/\/xima.es\/wp-content\/uploads\/2024\/12\/CALIDAD1.jpg\" class=\"vcex-image-img wpex-align-middle\" alt=\"\" loading=\"lazy\" decoding=\"async\" srcset=\"http:\/\/xima.es\/wp-content\/uploads\/2024\/12\/CALIDAD1.jpg 601w, http:\/\/xima.es\/wp-content\/uploads\/2024\/12\/CALIDAD1-300x300.jpg 300w, http:\/\/xima.es\/wp-content\/uploads\/2024\/12\/CALIDAD1-150x150.jpg 150w\" sizes=\"auto, (max-width: 601px) 100vw, 601px\" \/><\/div><\/figure>[\/vc_column][vc_column width=\u00bb1\/2&#8243;]<style>.vcex-heading.vcex_69f4481807ab6{width:600px;font-size:42px;}<\/style><div class=\"vcex-heading vcex-heading-plain vcex-module wpex-heading wpex-text-2xl wpex-mb-25 wpex-text-left wpex-max-w-100 wpex-mx-auto vcex_69f4481807ab6\"><span class=\"vcex-heading-inner wpex-inline-block\">Departamento de calidad<\/span><\/div><div class=\"vcex-spacing wpex-w-100 wpex-clear\"><\/div>[vc_column_text css=\u00bb\u00bb text_align=\u00bbcenter\u00bb width=\u00bb700px\u00bb]\n<p style=\"text-align: left;\">El Departamento de Calidad de Pl\u00e1sticos Xima dispone de equipos de medici\u00f3n y otras tecnolog\u00edas que permiten asegurar el control y la calidad de las entregas, y as\u00ed satisfacer las necesidades del cliente. Entre otros instrumentos, se emplean los siguientes:<\/p>\n<ul>\n<li style=\"text-align: left;\">M\u00e1quinas de medici\u00f3n por coordenadas 3D MMC &#8211; Tridimensional.<\/li>\n<li style=\"text-align: left;\">Esc\u00e1ner 3D &#8211; GOM.<\/li>\n<li style=\"text-align: left;\">Analizador hal\u00f3geno de humedad de materia prima.<\/li>\n<li style=\"text-align: left;\">M\u00e1quina de tracci\u00f3n universal con dinam\u00f3metro.<\/li>\n<li style=\"text-align: left;\">C\u00e1mara humidost\u00e1tica.<\/li>\n<li style=\"text-align: left;\">Dur\u00f3metro.<\/li>\n<li style=\"text-align: left;\">Microscopio.<\/li>\n<li style=\"text-align: left;\">Color\u00edmetro.<\/li>\n<li style=\"text-align: left;\">Torqu\u00edmetro.<\/li>\n<\/ul>\n[\/vc_column_text][\/vc_column][\/vc_row][\/vc_section][vc_row full_width=\u00bbstretch_row\u00bb css=\u00bb.vc_custom_1733261997651{margin-top: 50px !important;padding-top: 30px !important;}\u00bb][vc_column width=\u00bb1\/2&#8243;]<style>.vcex-heading.vcex_69f4481808180{font-size:36px;}<\/style><div class=\"vcex-heading vcex-heading-plain vcex-module wpex-heading wpex-text-2xl wpex-mb-25 wpex-text-left vcex_69f4481808180\"><span class=\"vcex-heading-inner wpex-inline-block\">Calidad<\/span><\/div>[vc_column_text css=\u00bb\u00bb]En Pl\u00e1sticos Xima cumplimos nuestro compromiso de calidad con los clientes, como demuestran las auditor\u00edas que hemos superado a cargo de empresas multinacionales de diversos sectores, entre ellos el de la l\u00ednea blanca, el vending y la automoci\u00f3n. Desarrollamos un sistema integrado de gesti\u00f3n de calidad basado en la norma ISO 9001.[\/vc_column_text][\/vc_column][vc_column width=\u00bb1\/4&#8243;]<div class=\"vcex-module vcex-divider vcex-divider-solid vcex-divider-center wpex-mx-auto wpex-block wpex-h-0 wpex-border-b wpex-border-solid wpex-border-main\"><\/div><style>.vcex-image.vcex_69f4481808e15 .vcex-image-inner{max-width:200px;}.vcex-image.vcex_69f4481808e15 .vcex-image-img{object-position:center;}<\/style><figure class=\"vcex-image vcex-module textcenter vcex_69f4481808e15\"><div class=\"vcex-image-inner wpex-relative wpex-inline-block\"><img width=\"700\" height=\"500\" src=\"http:\/\/xima.es\/wp-content\/uploads\/2024\/08\/certificado1.jpg\" class=\"vcex-image-img wpex-align-middle\" alt=\"\" loading=\"lazy\" decoding=\"async\" srcset=\"http:\/\/xima.es\/wp-content\/uploads\/2024\/08\/certificado1.jpg 700w, http:\/\/xima.es\/wp-content\/uploads\/2024\/08\/certificado1-300x214.jpg 300w, http:\/\/xima.es\/wp-content\/uploads\/2024\/08\/certificado1-300x214@2x.jpg 600w\" sizes=\"auto, (max-width: 700px) 100vw, 700px\" \/><\/div><\/figure><div class=\"vcex-spacing wpex-w-100 wpex-clear\" style=\"height:20px;\"><\/div>[vc_column_text css=\u00bb\u00bb]\n<p style=\"text-align: center;\"><a href=\"http:\/\/xima.es\/wp-content\/uploads\/2025\/01\/IQNET-ES-00752000-13-02-2025-EN-03-01-2025-.pdf\">Ver certificado<\/a><\/p>\n[\/vc_column_text][\/vc_column][vc_column width=\u00bb1\/4&#8243; css=\u00bb.vc_custom_1741168857500{border-top-width: 30px !important;}\u00bb]<style>.vcex-image.vcex_69f4481809978 .vcex-image-inner{max-width:200px;}<\/style><figure class=\"vcex-image vcex-module textcenter vcex_69f4481809978\"><div class=\"vcex-image-inner wpex-relative wpex-inline-block\"><img width=\"700\" height=\"500\" src=\"http:\/\/xima.es\/wp-content\/uploads\/2024\/08\/certificado2.jpg\" class=\"vcex-image-img wpex-align-middle\" alt=\"\" loading=\"lazy\" decoding=\"async\" srcset=\"http:\/\/xima.es\/wp-content\/uploads\/2024\/08\/certificado2.jpg 700w, http:\/\/xima.es\/wp-content\/uploads\/2024\/08\/certificado2-300x214.jpg 300w\" sizes=\"auto, (max-width: 700px) 100vw, 700px\" \/><\/div><\/figure><div class=\"vcex-spacing wpex-w-100 wpex-clear\" style=\"height:20px;\"><\/div>[vc_column_text css=\u00bb\u00bb]\n<p style=\"text-align: center;\"><a href=\"http:\/\/xima.es\/wp-content\/uploads\/2025\/01\/AENOR-ER-00752000-13-02-2025-ES-03-01-2025-.pdf\">Ver certificado<\/a><\/p>\n[\/vc_column_text][\/vc_column][\/vc_row]\n<\/div>","protected":false},"excerpt":{"rendered":"<p>[vc_section full_width=\u00bbstretch_row\u00bb css=\u00bb.vc_custom_1725441478733{background-color: #ffffff !important;border-color: #ffffff !important;}\u00bb][vc_row full_width=\u00bbstretch_row\u00bb content_placement=\u00bbmiddle\u00bb remove_bottom_col_margin=\u00bbtrue\u00bb wpex_fixed_bg=\u00bbfixed\u00bb wpex_bg_overlay=\u00bbdark\u00bb css=\u00bb.vc_custom_1724420416640{padding-top: 30px !important;padding-bottom: 30px !important;background-image: url(http:\/\/xima.es\/wp-content\/uploads\/2024\/08\/somos-scaled.jpg?id=406) !important;background-position: center !important;background-repeat: no-repeat !important;background-size: cover !important;}\u00bb wpex_bg_overlay_opacity=\u00bb60%\u00bb min_height=\u00bb300px\u00bb][vc_column][vc_column_text css=\u00bb\u00bb text_align=\u00bbcenter\u00bb color=\u00bb#ffffff\u00bb font_size=\u00bb20px\u00bb]PL\u00c1STICOS XIMA[\/vc_column_text][\/vc_column][\/vc_row][vc_row content_placement=\u00bbmiddle\u00bb gap=\u00bb30&#8243; remove_bottom_col_margin=\u00bbtrue\u00bb center_row=\u00bbyes\u00bb local_scroll_id=\u00bboverview\u00bb css=\u00bb.vc_custom_1733261982691{margin-top: 50px !important;margin-bottom: 50px !important;}\u00bb][vc_column width=\u00bb1\/2&#8243;][\/vc_column][vc_column width=\u00bb1\/2&#8243;][vc_column_text css=\u00bb\u00bb text_align=\u00bbcenter\u00bb width=\u00bb700px\u00bb] El Departamento de Calidad de Pl\u00e1sticos Xima dispone&hellip;<\/p>\n","protected":false},"author":1,"featured_media":0,"parent":0,"menu_order":0,"comment_status":"closed","ping_status":"closed","template":"","meta":{"footnotes":""},"class_list":["post-619","page","type-page","status-publish","hentry","entry","no-media"],"_links":{"self":[{"href":"http:\/\/xima.es\/index.php\/wp-json\/wp\/v2\/pages\/619","targetHints":{"allow":["GET"]}}],"collection":[{"href":"http:\/\/xima.es\/index.php\/wp-json\/wp\/v2\/pages"}],"about":[{"href":"http:\/\/xima.es\/index.php\/wp-json\/wp\/v2\/types\/page"}],"author":[{"embeddable":true,"href":"http:\/\/xima.es\/index.php\/wp-json\/wp\/v2\/users\/1"}],"replies":[{"embeddable":true,"href":"http:\/\/xima.es\/index.php\/wp-json\/wp\/v2\/comments?post=619"}],"version-history":[{"count":19,"href":"http:\/\/xima.es\/index.php\/wp-json\/wp\/v2\/pages\/619\/revisions"}],"predecessor-version":[{"id":839,"href":"http:\/\/xima.es\/index.php\/wp-json\/wp\/v2\/pages\/619\/revisions\/839"}],"wp:attachment":[{"href":"http:\/\/xima.es\/index.php\/wp-json\/wp\/v2\/media?parent=619"}],"curies":[{"name":"wp","href":"https:\/\/api.w.org\/{rel}","templated":true}]}}