{"id":631,"date":"2024-09-04T21:54:25","date_gmt":"2024-09-04T21:54:25","guid":{"rendered":"http:\/\/xima.es\/?page_id=631"},"modified":"2024-12-04T10:57:41","modified_gmt":"2024-12-04T10:57:41","slug":"politica-de-cookies","status":"publish","type":"page","link":"http:\/\/xima.es\/index.php\/politica-de-cookies\/","title":{"rendered":"Pol\u00edtica de cookies"},"content":{"rendered":"<div class=\"wpb-content-wrapper\">[vc_section full_width=\u00bbstretch_row\u00bb css=\u00bb.vc_custom_1725484688224{background-color: #ffffff !important;border-color: #ffffff !important;}\u00bb][vc_row full_width=\u00bbstretch_row\u00bb content_placement=\u00bbmiddle\u00bb remove_bottom_col_margin=\u00bbtrue\u00bb wpex_fixed_bg=\u00bbfixed\u00bb wpex_bg_overlay=\u00bbdark\u00bb css=\u00bb.vc_custom_1724420416640{padding-top: 30px !important;padding-bottom: 30px !important;background-image: url(http:\/\/xima.es\/wp-content\/uploads\/2024\/08\/somos-scaled.jpg?id=406) !important;background-position: center !important;background-repeat: no-repeat !important;background-size: cover !important;}\u00bb wpex_bg_overlay_opacity=\u00bb60%\u00bb min_height=\u00bb300px\u00bb][vc_column]<style>.vcex-heading.vcex_69f447f925006{color:#ffffff;font-size:50px;line-height:1.2;}@media (max-width:959px){.vcex-heading.vcex_69f447f925006{font-size:40px;}}@media (max-width:479px){.vcex-heading.vcex_69f447f925006{font-size:35px;}}<\/style><div class=\"vcex-heading vcex-heading-plain vcex-module wpex-heading wpex-text-2xl wpex-mb-15 wpex-text-center vcex_69f447f925006\"><span class=\"vcex-heading-inner wpex-inline-block\">POL\u00cdTICA DE COOKIES<\/span><\/div>[vc_column_text css=\u00bb\u00bb text_align=\u00bbcenter\u00bb color=\u00bb#ffffff\u00bb font_size=\u00bb20px\u00bb]XIMA PL\u00c1STICOS[\/vc_column_text][\/vc_column][\/vc_row][\/vc_section][vc_row full_width=\u00bbstretch_row_content_no_spaces\u00bb content_placement=\u00bbmiddle\u00bb css=\u00bb.vc_custom_1725484721939{padding-top: 100px !important;background-color: #ffffff !important;border-color: #ffffff !important;}\u00bb local_scroll_id=\u00bbfeatures\u00bb][vc_column css=\u00bb.vc_custom_1724425462525{padding-right: 8vw !important;padding-left: 8vw !important;}\u00bb][vc_column_text css=\u00bb\u00bb]<strong>POL\u00cdTICA DE COOKIES<span class=\"Apple-converted-space\">\u00a0<\/span><\/strong><\/p>\n<p>El sitio web de PLASTICOS XIMA, S.L. utiliza cookies. Usted puede cambiar la configuraci\u00f3n o retirar su consentimiento de las cookies de nuestra web en cualquier momento.<span class=\"Apple-converted-space\">\u00a0<\/span><\/p>\n<p>Esta p\u00e1gina utiliza tipos diferentes de cookies. Algunas cookies son colocadas por servicios de terceros que aparecen en nuestras p\u00e1ginas. Solo se almacenar\u00e1n cookies en su dispositivo si son estrictamente necesarias para el correcto funcionamiento del sitio web. Para todos los dem\u00e1s tipos de cookies necesitamos su consentimiento mediante la activaci\u00f3n de la casilla correspondiente.<span class=\"Apple-converted-space\">\u00a0<\/span><\/p>\n<p>Tambi\u00e9n utilizamos cookies de anal\u00edtica web para medir y analizar la navegaci\u00f3n de los usuarios en nuestra p\u00e1gina web.<span class=\"Apple-converted-space\">\u00a0<\/span><\/p>\n<p>Puede obtener m\u00e1s informaci\u00f3n sobre nosotros y c\u00f3mo contactarnos en nuestro Aviso legal y de c\u00f3mo tratamos los datos personales en nuestra Pol\u00edtica de Privacidad.<span class=\"Apple-converted-space\">\u00a0<\/span><\/p>\n<p><strong>\u00bfQU\u00c9 SON LAS COOKIES?<span class=\"Apple-converted-space\">\u00a0<\/span><\/strong><\/p>\n<p>Una <i>cookie <\/i>es un fichero que se descarga en su dispositivo a trav\u00e9s de la web. Las <i>cookies <\/i>permiten a una p\u00e1gina web, entre otras cosas, hacer funcione correctamente, almacenar y recuperar informaci\u00f3n sobre los h\u00e1bitos de navegaci\u00f3n de un usuario o de su dispositivo y, dependiendo de la informaci\u00f3n que contengan y de la forma en que utilice su dispositivo, pueden utilizarse para reconocer al usuario.<span class=\"Apple-converted-space\">\u00a0<\/span><\/p>\n<p><strong>TIPOS DE COOKIES<span class=\"Apple-converted-space\">\u00a0<\/span><\/strong><\/p>\n<ul>\n<li>Cookies t\u00e9cnicas y funcionales: son las estrictamente necesarias para el uso del sitio web y para la prestaci\u00f3n del servicio contratado.<span class=\"Apple-converted-space\">\u00a0<\/span><\/li>\n<li>Cookies anal\u00edticas: recogen informaci\u00f3n del uso que se realiza del sitio web.<span class=\"Apple-converted-space\">\u00a0<\/span><\/li>\n<li>Cookies de preferencias y personalizaci\u00f3n: Son aqu\u00e9llas que permiten al usuario acceder al servicio con algunas caracter\u00edsticas de car\u00e1cter general predefinidas en funci\u00f3n de una serie de criterios en el dispositivo<span class=\"Apple-converted-space\">\u00a0<\/span><\/li>\n<li>del usuario como por ejemplo serian el idioma, el tipo de navegador a trav\u00e9s del cual accede al servicio, la configuraci\u00f3n regional desde donde accede al servicio, etc.<span class=\"Apple-converted-space\">\u00a0<\/span><\/li>\n<li>Cookies sociales: son aquellas necesarias para redes sociales externas.<span class=\"Apple-converted-space\">\u00a0<\/span><\/li>\n<li>Cookies de publicidad y comportamentales: recogen informaci\u00f3n sobre las preferencias y elecciones personales del usuario (retargeting).<span class=\"Apple-converted-space\">\u00a0<\/span><\/li>\n<\/ul>\n<p><strong>\u00bfQU\u00c9 TIPOS DE COOKIES UTILIZA ESTA P\u00c1GINA WEB?<span class=\"Apple-converted-space\">\u00a0<\/span><\/strong><\/p>\n<p><b>Necesarias\u00a0<\/b><\/p>\n<table cellspacing=\"0\" cellpadding=\"0\">\n<tbody>\n<tr>\n<td valign=\"top\">Las cookies necesarias activan las funciones b\u00e1sicas como la navegaci\u00f3n en la p\u00e1gina y el acceso a \u00e1reas seguras de la p\u00e1gina web. La p\u00e1gina web no puede funcionar adecuadamente sin estas cookies.<\/td>\n<td valign=\"top\"><b>PROVEEDOR<span class=\"Apple-converted-space\">\u00a0<\/span><\/b><\/td>\n<td valign=\"top\"><b>PROP\u00d3SITO<span class=\"Apple-converted-space\">\u00a0<\/span><\/b><\/td>\n<td valign=\"top\"><b>CADUCIDAD<span class=\"Apple-converted-space\">\u00a0<\/span><\/b><\/td>\n<td valign=\"top\"><b>TIPO<span class=\"Apple-converted-space\">\u00a0<\/span><\/b><\/td>\n<\/tr>\n<tr>\n<td valign=\"top\">test_cookie<span class=\"Apple-converted-space\">\u00a0<\/span><\/td>\n<td valign=\"top\">Google<span class=\"Apple-converted-space\">\u00a0<\/span><\/td>\n<td valign=\"top\">Utilizada para comprobar si el navegador del usuario admite cookies.<span class=\"Apple-converted-space\">\u00a0<\/span><\/td>\n<td valign=\"top\">1 d\u00eda<span class=\"Apple-converted-space\">\u00a0<\/span><\/td>\n<td valign=\"top\">HTTP<span class=\"Apple-converted-space\">\u00a0<\/span><\/td>\n<\/tr>\n<\/tbody>\n<\/table>\n<p>&nbsp;[\/vc_column_text][vc_column_text css=\u00bb\u00bb]<b>Sociales\u00a0<\/b><\/p>\n<p>Son esos botones que permiten compartir el contenido del sitio web en sus redes sociales (Facebook, Twitter y Linkedin, previo tu consentimiento y login) a trav\u00e9s de sistemas totalmente gestionados por dichas redes sociales, as\u00ed como los recursos (pej. videos) y material que se encuentra en nuestra web, y que de igual manera se presta y gestiona completamente por un tercero.<span class=\"Apple-converted-space\">\u00a0<\/span><\/p>\n<p>Si no acepta estas cookies, no podr\u00e1 compartir nuestro contenido a trav\u00e9s de los botones, y en su caso, no podr\u00e1s visualizar el contenido de terceros que hayamos incrustado en el sitio.<span class=\"Apple-converted-space\">\u00a0<\/span><\/p>\n<p><b>No clasificadas<span class=\"Apple-converted-space\">\u00a0<\/span><\/b><\/p>\n<table cellspacing=\"0\" cellpadding=\"0\">\n<tbody>\n<tr>\n<td valign=\"top\">Las cookies no clasificadas son cookies para las que todav\u00eda estamos en proceso de clasificar, junto con los proveedores de cookies individuales.<\/td>\n<td valign=\"top\">\n<p><b>PROVEEDOR<span class=\"Apple-converted-space\">\u00a0<\/span><\/b><\/p>\n<p>facebook<\/p>\n<p>linkelind<\/td>\n<td valign=\"top\">\n<p><b>PROP\u00d3SITO<span class=\"Apple-converted-space\">\u00a0<\/span><\/b><\/p>\n<p>informativo<\/td>\n<td valign=\"top\">\n<p><b>CADUCIDAD<span class=\"Apple-converted-space\">\u00a0<\/span><\/b><\/p>\n<p>1 a\u00f1o<\/td>\n<td valign=\"top\">\n<p><b>TIPO<span class=\"Apple-converted-space\">\u00a0<\/span><\/b><\/p>\n<p>HTTP<\/td>\n<\/tr>\n<tr>\n<td valign=\"top\"><\/td>\n<\/tr>\n<\/tbody>\n<\/table>\n<p><strong>DESACTIVACI\u00d3N DE COOKIES<span class=\"Apple-converted-space\">\u00a0<\/span><\/strong><\/p>\n<p>Para permitir, conocer, bloquear o eliminar las cookies instaladas en su equipo puede hacerlo mediante la configuraci\u00f3n de las opciones del navegador instalado en su ordenador.<span class=\"Apple-converted-space\">\u00a0<\/span><\/p>\n<p>Cambiar la configuraci\u00f3n de aceptaci\u00f3n de cookies, podr\u00eda entorpecer la navegaci\u00f3n y restarle funcionalidades a nuestra web. Aun as\u00ed, si quieres m\u00e1s informaci\u00f3n sobre su configuraci\u00f3n, puedes consultar las p\u00e1ginas web de los diferentes navegadores:<span class=\"Apple-converted-space\">\u00a0<\/span><\/p>\n<p>Google Chrome: https:\/\/support.google.com\/chrome\/answer\/95647?hl=es<span class=\"Apple-converted-space\">\u00a0<\/span><\/p>\n<p>Firefox: http:\/\/support.mozilla.org\/es\/home<span class=\"Apple-converted-space\">\u00a0<\/span><\/p>\n<p>Internet Explorer: http:\/\/support.microsoft.com\/ph\/807\/es-es<span class=\"Apple-converted-space\">\u00a0<\/span><\/p>\n<p>Safari: http:\/\/support.apple.com\/kb\/HT1677?viewlocale=es_ES<span class=\"Apple-converted-space\">\u00a0<\/span><\/p>\n<p>Opera: http:\/\/help.opera.com\/Windows\/8.54\/es-ES\/index.html<span class=\"Apple-converted-space\">\u00a0<\/span>[\/vc_column_text][\/vc_column][\/vc_row]\n<\/div>","protected":false},"excerpt":{"rendered":"<p>[vc_section full_width=\u00bbstretch_row\u00bb css=\u00bb.vc_custom_1725484688224{background-color: #ffffff !important;border-color: #ffffff !important;}\u00bb][vc_row full_width=\u00bbstretch_row\u00bb content_placement=\u00bbmiddle\u00bb remove_bottom_col_margin=\u00bbtrue\u00bb wpex_fixed_bg=\u00bbfixed\u00bb wpex_bg_overlay=\u00bbdark\u00bb css=\u00bb.vc_custom_1724420416640{padding-top: 30px !important;padding-bottom: 30px !important;background-image: url(http:\/\/xima.es\/wp-content\/uploads\/2024\/08\/somos-scaled.jpg?id=406) !important;background-position: center !important;background-repeat: no-repeat !important;background-size: cover !important;}\u00bb wpex_bg_overlay_opacity=\u00bb60%\u00bb min_height=\u00bb300px\u00bb][vc_column][vc_column_text css=\u00bb\u00bb text_align=\u00bbcenter\u00bb color=\u00bb#ffffff\u00bb font_size=\u00bb20px\u00bb]XIMA PL\u00c1STICOS[\/vc_column_text][\/vc_column][\/vc_row][\/vc_section][vc_row full_width=\u00bbstretch_row_content_no_spaces\u00bb content_placement=\u00bbmiddle\u00bb css=\u00bb.vc_custom_1725484721939{padding-top: 100px !important;background-color: #ffffff !important;border-color: #ffffff !important;}\u00bb local_scroll_id=\u00bbfeatures\u00bb][vc_column css=\u00bb.vc_custom_1724425462525{padding-right: 8vw !important;padding-left: 8vw !important;}\u00bb][vc_column_text css=\u00bb\u00bb]POL\u00cdTICA DE COOKIES\u00a0 El sitio web de PLASTICOS&hellip;<\/p>\n","protected":false},"author":1,"featured_media":0,"parent":0,"menu_order":0,"comment_status":"closed","ping_status":"closed","template":"","meta":{"footnotes":""},"class_list":["post-631","page","type-page","status-publish","hentry","entry","no-media"],"_links":{"self":[{"href":"http:\/\/xima.es\/index.php\/wp-json\/wp\/v2\/pages\/631","targetHints":{"allow":["GET"]}}],"collection":[{"href":"http:\/\/xima.es\/index.php\/wp-json\/wp\/v2\/pages"}],"about":[{"href":"http:\/\/xima.es\/index.php\/wp-json\/wp\/v2\/types\/page"}],"author":[{"embeddable":true,"href":"http:\/\/xima.es\/index.php\/wp-json\/wp\/v2\/users\/1"}],"replies":[{"embeddable":true,"href":"http:\/\/xima.es\/index.php\/wp-json\/wp\/v2\/comments?post=631"}],"version-history":[{"count":4,"href":"http:\/\/xima.es\/index.php\/wp-json\/wp\/v2\/pages\/631\/revisions"}],"predecessor-version":[{"id":747,"href":"http:\/\/xima.es\/index.php\/wp-json\/wp\/v2\/pages\/631\/revisions\/747"}],"wp:attachment":[{"href":"http:\/\/xima.es\/index.php\/wp-json\/wp\/v2\/media?parent=631"}],"curies":[{"name":"wp","href":"https:\/\/api.w.org\/{rel}","templated":true}]}}