{"id":639,"date":"2024-09-04T22:14:36","date_gmt":"2024-09-04T22:14:36","guid":{"rendered":"http:\/\/xima.es\/?page_id=639"},"modified":"2024-09-04T22:14:36","modified_gmt":"2024-09-04T22:14:36","slug":"politica_privacidad","status":"publish","type":"page","link":"http:\/\/xima.es\/index.php\/politica_privacidad\/","title":{"rendered":"Pol\u00edtica de privacidad"},"content":{"rendered":"<div class=\"wpb-content-wrapper\">[vc_section full_width=\u00bbstretch_row\u00bb css=\u00bb.vc_custom_1725484688224{background-color: #ffffff !important;border-color: #ffffff !important;}\u00bb][vc_row full_width=\u00bbstretch_row\u00bb content_placement=\u00bbmiddle\u00bb remove_bottom_col_margin=\u00bbtrue\u00bb wpex_fixed_bg=\u00bbfixed\u00bb wpex_bg_overlay=\u00bbdark\u00bb css=\u00bb.vc_custom_1724420416640{padding-top: 30px !important;padding-bottom: 30px !important;background-image: url(http:\/\/xima.es\/wp-content\/uploads\/2024\/08\/somos-scaled.jpg?id=406) !important;background-position: center !important;background-repeat: no-repeat !important;background-size: cover !important;}\u00bb wpex_bg_overlay_opacity=\u00bb60%\u00bb min_height=\u00bb300px\u00bb][vc_column]<style>.vcex-heading.vcex_69f4497c778bc{color:#ffffff;font-size:50px;line-height:1.2;}@media (max-width:959px){.vcex-heading.vcex_69f4497c778bc{font-size:40px;}}@media (max-width:479px){.vcex-heading.vcex_69f4497c778bc{font-size:35px;}}<\/style><div class=\"vcex-heading vcex-heading-plain vcex-module wpex-heading wpex-text-2xl wpex-mb-15 wpex-text-center vcex_69f4497c778bc\"><span class=\"vcex-heading-inner wpex-inline-block\">POL\u00cdTICA DE PRIVACIDAD<\/span><\/div>[vc_column_text css=\u00bb\u00bb text_align=\u00bbcenter\u00bb color=\u00bb#ffffff\u00bb font_size=\u00bb20px\u00bb]XIMA PL\u00c1STICOS[\/vc_column_text][\/vc_column][\/vc_row][\/vc_section][vc_row full_width=\u00bbstretch_row_content_no_spaces\u00bb content_placement=\u00bbmiddle\u00bb css=\u00bb.vc_custom_1725484721939{padding-top: 100px !important;background-color: #ffffff !important;border-color: #ffffff !important;}\u00bb local_scroll_id=\u00bbfeatures\u00bb][vc_column css=\u00bb.vc_custom_1724425462525{padding-right: 8vw !important;padding-left: 8vw !important;}\u00bb][vc_column_text css=\u00bb\u00bb]POL\u00cdTICA DE PRIVACIDAD<br \/>\nPLASTICOS XIMA, S.L. es la responsable del tratamiento y de conformidad con lo\u00a0establecido en el Reglamento (UE) 2016\/679 del Parlamento Europeo y del Consejo de 27 de abril de 2016 y la Ley Org\u00e1nica 3\/2018 de Protecci\u00f3n de Datos y Garant\u00eda de los Derechos Digitales, garantiza la seguridad y confidencialidad de los datos facilitados por sus clientes\u00a0PLASTICOS XIMA, S.L. informa que los datos personales facilitados a trav\u00e9s de los formularios de esta Web o mediante mensajes de correo electr\u00f3nico, ser\u00e1n\u00a0incorporados en unos tratamientos de PLASTICOS XIMA, S.L. y ser\u00e1n tratados de\u00a0manera informatizada y en papel.<br \/>\nMediante el env\u00edo de los formularios existentes en esta Web as\u00ed como a trav\u00e9s de las comunicaciones que nos puedas dirigir por otros medios de contacto, el remitente nos proporciona sus datos personales de forma libre y voluntaria para ser incluido en un tratamiento con el objeto de suministrarle la informaci\u00f3n solicitada en los formularios o suscripciones.<br \/>\nEn el caso de que el usuario decida cumplimentar alg\u00fan formulario de este sitio Web d\u00f3nde se recaben datos de car\u00e1cter personal se le informa que PLASTICOS XIMA, S.L. adoptar\u00e1 las medidas de \u00edndole t\u00e9cnica y organizativa necesarias que garanticen la seguridad de los datos suministrados a fin de evitar alteraciones, p\u00e9rdidas, tratamientos o accesos no autorizados, conforme al estado actual de la tecnolog\u00eda y de acuerdo con lo establecido por la normativa vigente. PLASTICOS XIMA, S.L. sin embargo no puede garantizar la absoluta inexpugnabilidad del sistema, la red de acceso, Internet y por tanto la violaci\u00f3n de los datos mediante accesos fraudulentos a ellos por parte de terceros.<br \/>\nEl sitio web contiene enlaces a sitios web de terceros con pol\u00edticas de privacidad ajenas a la de PLASTICOS XIMA, S.L. que usted podr\u00e1 decidir si acepta o no cuando acceda a ellos.<br \/>\nEl usuario responder\u00e1 en cualquier caso de la veracidad de la informaci\u00f3n suministrada y se hace responsable de comunicar a PLASTICOS XIMA, S.L. cualquier modificaci\u00f3n sobre la misma, quedando PLASTICOS XIMA, S.L. exenta de cualquier responsabilidad en este sentido.<br \/>\nLa informaci\u00f3n sobre finalidad, legitimaci\u00f3n, conservaci\u00f3n y comunicaciones del\u00a0tratamiento son:<br \/>\nUsuarios web: servir como soporte de informaci\u00f3n a la gesti\u00f3n de las comunicaciones\u00a0y relaciones comerciales por v\u00eda electr\u00f3nica. En cuanto a la legitimaci\u00f3n del\u00a0tratamiento estar\u00e1 regulada por el consentimiento del afectado y por el inter\u00e9s\u00a0leg\u00edtimo del responsable. Los datos proporcionados se conservar\u00e1n hasta para dar\u00a0soporte a su solicitud, la revocaci\u00f3n del consentimiento o durante los a\u00f1os necesarios\u00a0para cumplir con las obligaciones legales. La empresa no ceder\u00e1 datos salvo obligaci\u00f3n\u00a0legal.Si lo desea puede dirigirse a PLASTICOS XIMA, S.L., domiciliada en calle POL. IND. EL\u00a0ESCOPAR, CALLE A, N\u00ba 9, 31350 de PERALTA (NAVARRA), Espa\u00f1a, con una copia de DNI\u00a0o documento acreditativo equivalentecon el fin de ejercer los siguientes derechos:<br \/>\n\u2022 Derecho de acceso: derecho a obtener confirmaci\u00f3n sobre si PLASTICOS XIMA,\u00a0S.L. est\u00e1 tratando datos personales que le conciernen y, en tal caso, acceder a\u00a0los mismos.<br \/>\n\u2022 Derecho de portabilidad: derecho a recibir los datos personales que nos haya\u00a0facilitado en un formato estructurado de uso com\u00fan y legible, as\u00ed como a\u00a0transmitirlo a otra entidad.<br \/>\n\u2022 Derecho de rectificaci\u00f3n: derecho a solicitar la rectificaci\u00f3n de los datos cuando\u00a0sean inexactos.<br \/>\n\u2022 Derecho de supresi\u00f3n: derecho a solicitar la supresi\u00f3n de los datos cuando ya\u00a0no sean necesarios para los fines que fueron facilitados en su momento.<br \/>\n\u2022 Derecho de oposici\u00f3n: derecho a oponerte al tratamiento de tus datos\u00a0personales. PLASTICOS XIMA, S.L. dejar\u00e1 de tratar los datos, salvo por motivos\u00a0leg\u00edtimos o en el ejercicio de posibles reclamaciones.<br \/>\n\u2022 Derecho a la limitaci\u00f3n del tratamiento: derecho a solicitar la limitaci\u00f3n del\u00a0tratamiento de sus datos.<\/p>\n<p>Por otro lado, si lo ha facilitado, tendr\u00e1 derecho a retirar el consentimiento prestado en cualquier momento y el derecho a reclamar ante la Agencia Espa\u00f1ola de Protecci\u00f3n de Datos.[\/vc_column_text][\/vc_column][\/vc_row]\n<\/div>","protected":false},"excerpt":{"rendered":"<p>[vc_section full_width=\u00bbstretch_row\u00bb css=\u00bb.vc_custom_1725484688224{background-color: #ffffff !important;border-color: #ffffff !important;}\u00bb][vc_row full_width=\u00bbstretch_row\u00bb content_placement=\u00bbmiddle\u00bb remove_bottom_col_margin=\u00bbtrue\u00bb wpex_fixed_bg=\u00bbfixed\u00bb wpex_bg_overlay=\u00bbdark\u00bb css=\u00bb.vc_custom_1724420416640{padding-top: 30px !important;padding-bottom: 30px !important;background-image: url(http:\/\/xima.es\/wp-content\/uploads\/2024\/08\/somos-scaled.jpg?id=406) !important;background-position: center !important;background-repeat: no-repeat !important;background-size: cover !important;}\u00bb wpex_bg_overlay_opacity=\u00bb60%\u00bb min_height=\u00bb300px\u00bb][vc_column][vc_column_text css=\u00bb\u00bb text_align=\u00bbcenter\u00bb color=\u00bb#ffffff\u00bb font_size=\u00bb20px\u00bb]XIMA PL\u00c1STICOS[\/vc_column_text][\/vc_column][\/vc_row][\/vc_section][vc_row full_width=\u00bbstretch_row_content_no_spaces\u00bb content_placement=\u00bbmiddle\u00bb css=\u00bb.vc_custom_1725484721939{padding-top: 100px !important;background-color: #ffffff !important;border-color: #ffffff !important;}\u00bb local_scroll_id=\u00bbfeatures\u00bb][vc_column css=\u00bb.vc_custom_1724425462525{padding-right: 8vw !important;padding-left: 8vw !important;}\u00bb][vc_column_text css=\u00bb\u00bb]POL\u00cdTICA DE PRIVACIDAD PLASTICOS XIMA, S.L. es la&hellip;<\/p>\n","protected":false},"author":1,"featured_media":0,"parent":0,"menu_order":0,"comment_status":"closed","ping_status":"closed","template":"","meta":{"footnotes":""},"class_list":["post-639","page","type-page","status-publish","hentry","entry","no-media"],"_links":{"self":[{"href":"http:\/\/xima.es\/index.php\/wp-json\/wp\/v2\/pages\/639","targetHints":{"allow":["GET"]}}],"collection":[{"href":"http:\/\/xima.es\/index.php\/wp-json\/wp\/v2\/pages"}],"about":[{"href":"http:\/\/xima.es\/index.php\/wp-json\/wp\/v2\/types\/page"}],"author":[{"embeddable":true,"href":"http:\/\/xima.es\/index.php\/wp-json\/wp\/v2\/users\/1"}],"replies":[{"embeddable":true,"href":"http:\/\/xima.es\/index.php\/wp-json\/wp\/v2\/comments?post=639"}],"version-history":[{"count":2,"href":"http:\/\/xima.es\/index.php\/wp-json\/wp\/v2\/pages\/639\/revisions"}],"predecessor-version":[{"id":641,"href":"http:\/\/xima.es\/index.php\/wp-json\/wp\/v2\/pages\/639\/revisions\/641"}],"wp:attachment":[{"href":"http:\/\/xima.es\/index.php\/wp-json\/wp\/v2\/media?parent=639"}],"curies":[{"name":"wp","href":"https:\/\/api.w.org\/{rel}","templated":true}]}}